{"id":17624,"date":"2023-07-27T11:50:28","date_gmt":"2023-07-27T09:50:28","guid":{"rendered":"https:\/\/cocinaslupianez.com\/producto\/model-ms-200\/"},"modified":"2023-07-27T11:50:28","modified_gmt":"2023-07-27T09:50:28","slug":"model-ms-200","status":"publish","type":"product","link":"https:\/\/cocinaslupianez.com\/ca\/producte\/model-ms-200\/","title":{"rendered":"Model MS-200"},"content":{"rendered":"<p>Cuina industrial Model MS-200 de construcci\u00f3 d&#8217;acer inoxidable AISI 304 18\/10 \/ Taulell de 2,5 mm de gruix \/ Safata recull-greixos \/ Graelles d&#8217;acer inoxidable \/ Comandaments de llaut\u00f3 polit \/ Aixetes i v\u00e0lvules situats en parts ventilades i de f\u00e0cil acc\u00e9s per al manteniment i neteja \/ Cremadors oberts de gran rendiment \/ Potes robustes d&#8217;acer inoxidable regulables en al\u00e7ada.<\/p>\n<p><img fetchpriority=\"high\" decoding=\"async\" class=\"wp-image-15595 size-full aligncenter\" src=\"https:\/\/cocinaslupianez.com\/wp-content\/uploads\/2023\/07\/cocina-industrial-MS-200-especificaciones-e1703160965504.jpg\" alt=\"\" width=\"1309\" height=\"133\" srcset=\"https:\/\/cocinaslupianez.com\/wp-content\/uploads\/2023\/07\/cocina-industrial-MS-200-especificaciones-e1703160965504.jpg 1309w, https:\/\/cocinaslupianez.com\/wp-content\/uploads\/2023\/07\/cocina-industrial-MS-200-especificaciones-e1703160965504-400x41.jpg 400w, https:\/\/cocinaslupianez.com\/wp-content\/uploads\/2023\/07\/cocina-industrial-MS-200-especificaciones-e1703160965504-1300x132.jpg 1300w, https:\/\/cocinaslupianez.com\/wp-content\/uploads\/2023\/07\/cocina-industrial-MS-200-especificaciones-e1703160965504-768x78.jpg 768w, https:\/\/cocinaslupianez.com\/wp-content\/uploads\/2023\/07\/cocina-industrial-MS-200-especificaciones-e1703160965504-860x87.jpg 860w, https:\/\/cocinaslupianez.com\/wp-content\/uploads\/2023\/07\/cocina-industrial-MS-200-especificaciones-e1703160965504-430x44.jpg 430w, https:\/\/cocinaslupianez.com\/wp-content\/uploads\/2023\/07\/cocina-industrial-MS-200-especificaciones-e1703160965504-700x71.jpg 700w, https:\/\/cocinaslupianez.com\/wp-content\/uploads\/2023\/07\/cocina-industrial-MS-200-especificaciones-e1703160965504-150x15.jpg 150w\" sizes=\"(max-width: 1309px) 100vw, 1309px\" \/><\/p>\n","protected":false},"excerpt":{"rendered":"<p>Cuina industrial Model MS-200 de construcci\u00f3 d&#8217;acer inoxidable AISI 304 18\/10 \/ Taulell de 2,5 mm de gruix \/ Safata recull-greixos \/ Graelles d&#8217;acer inoxidable \/ Comandaments de llaut\u00f3 polit \/ Aixetes i v\u00e0lvules situats en parts ventilades i de f\u00e0cil acc\u00e9s per al manteniment i neteja \/ Cremadors oberts de gran rendiment \/ Potes robustes d&#8217;acer inoxidable regulables en al\u00e7ada.<\/p>\n","protected":false},"featured_media":17096,"comment_status":"open","ping_status":"closed","template":"","meta":[],"product_cat":[337,340],"product_tag":[],"class_list":{"0":"post-17624","1":"product","2":"type-product","3":"status-publish","4":"has-post-thumbnail","6":"product_cat-coccio","7":"product_cat-cuines-industrials","9":"first","10":"instock","11":"shipping-taxable","12":"purchasable","13":"product-type-simple"},"yoast_head":"<!-- This site is optimized with the Yoast SEO plugin v21.7 - https:\/\/yoast.com\/wordpress\/plugins\/seo\/ -->\n<title>Model MS-200 - Lupia\u00f1ez S.L. - Cuines industrials<\/title>\n<meta name=\"description\" content=\"Cuina industrial Model MS-200 de construcci\u00f3 d&#039;acer inoxidable AISI 304 18\/10 \/ Taulell de 2,5mm de gruix \/ Safata recull-greixos.\" \/>\n<meta name=\"robots\" content=\"index, follow, max-snippet:-1, max-image-preview:large, max-video-preview:-1\" \/>\n<link rel=\"canonical\" href=\"https:\/\/cocinaslupianez.com\/ca\/producte\/model-ms-200\/\" \/>\n<meta property=\"og:locale\" content=\"ca_ES\" \/>\n<meta property=\"og:type\" content=\"article\" \/>\n<meta property=\"og:title\" content=\"Model MS-200 - Lupia\u00f1ez S.L. - Cuines industrials\" \/>\n<meta property=\"og:description\" content=\"Cuina industrial Model MS-200 de construcci\u00f3 d&#039;acer inoxidable AISI 304 18\/10 \/ Taulell de 2,5mm de gruix \/ Safata recull-greixos.\" \/>\n<meta property=\"og:url\" content=\"https:\/\/cocinaslupianez.com\/ca\/producte\/model-ms-200\/\" \/>\n<meta property=\"og:site_name\" content=\"Lupia\u00f1ez S.L.\" \/>\n<meta property=\"og:image\" content=\"https:\/\/cocinaslupianez.com\/wp-content\/uploads\/2023\/07\/cocina-industrial-MS-200.jpg\" \/>\n\t<meta property=\"og:image:width\" content=\"1000\" \/>\n\t<meta property=\"og:image:height\" content=\"1143\" \/>\n\t<meta property=\"og:image:type\" content=\"image\/jpeg\" \/>\n<meta name=\"twitter:card\" content=\"summary_large_image\" \/>\n<script type=\"application\/ld+json\" class=\"yoast-schema-graph\">{\"@context\":\"https:\/\/schema.org\",\"@graph\":[{\"@type\":\"WebPage\",\"@id\":\"https:\/\/cocinaslupianez.com\/ca\/producte\/model-ms-200\/\",\"url\":\"https:\/\/cocinaslupianez.com\/ca\/producte\/model-ms-200\/\",\"name\":\"Model MS-200 - Lupia\u00f1ez S.L. - Cuines industrials\",\"isPartOf\":{\"@id\":\"https:\/\/cocinaslupianez.com\/ca\/#website\"},\"datePublished\":\"2023-07-27T09:50:28+00:00\",\"dateModified\":\"2023-07-27T09:50:28+00:00\",\"description\":\"Cuina industrial Model MS-200 de construcci\u00f3 d'acer inoxidable AISI 304 18\/10 \/ Taulell de 2,5mm de gruix \/ Safata recull-greixos.\",\"breadcrumb\":{\"@id\":\"https:\/\/cocinaslupianez.com\/ca\/producte\/model-ms-200\/#breadcrumb\"},\"inLanguage\":\"ca\",\"potentialAction\":[{\"@type\":\"ReadAction\",\"target\":[\"https:\/\/cocinaslupianez.com\/ca\/producte\/model-ms-200\/\"]}]},{\"@type\":\"BreadcrumbList\",\"@id\":\"https:\/\/cocinaslupianez.com\/ca\/producte\/model-ms-200\/#breadcrumb\",\"itemListElement\":[{\"@type\":\"ListItem\",\"position\":1,\"name\":\"Portada\",\"item\":\"https:\/\/cocinaslupianez.com\/ca\/\"},{\"@type\":\"ListItem\",\"position\":2,\"name\":\"Productes\",\"item\":\"https:\/\/cocinaslupianez.com\/ca\/productes\/\"},{\"@type\":\"ListItem\",\"position\":3,\"name\":\"Model MS-200\"}]},{\"@type\":\"WebSite\",\"@id\":\"https:\/\/cocinaslupianez.com\/ca\/#website\",\"url\":\"https:\/\/cocinaslupianez.com\/ca\/\",\"name\":\"Cocinas Lupia\u00f1ez\",\"description\":\"Cocinas industriales\",\"publisher\":{\"@id\":\"https:\/\/cocinaslupianez.com\/ca\/#organization\"},\"alternateName\":\"Cocinas Lupigas\",\"potentialAction\":[{\"@type\":\"SearchAction\",\"target\":{\"@type\":\"EntryPoint\",\"urlTemplate\":\"https:\/\/cocinaslupianez.com\/ca\/?s={search_term_string}\"},\"query-input\":\"required name=search_term_string\"}],\"inLanguage\":\"ca\"},{\"@type\":\"Organization\",\"@id\":\"https:\/\/cocinaslupianez.com\/ca\/#organization\",\"name\":\"Cocinas Lupigas\",\"alternateName\":\"Cocinas Lupigas\",\"url\":\"https:\/\/cocinaslupianez.com\/ca\/\",\"logo\":{\"@type\":\"ImageObject\",\"inLanguage\":\"ca\",\"@id\":\"https:\/\/cocinaslupianez.com\/ca\/#\/schema\/logo\/image\/\",\"url\":\"https:\/\/cocinaslupianez.com\/wp-content\/uploads\/2023\/10\/cocinas-lupianez-logo-yoast.jpg\",\"contentUrl\":\"https:\/\/cocinaslupianez.com\/wp-content\/uploads\/2023\/10\/cocinas-lupianez-logo-yoast.jpg\",\"width\":1200,\"height\":675,\"caption\":\"Cocinas Lupigas\"},\"image\":{\"@id\":\"https:\/\/cocinaslupianez.com\/ca\/#\/schema\/logo\/image\/\"}}]}<\/script>\n<!-- \/ Yoast SEO plugin. -->","yoast_head_json":{"title":"Model MS-200 - Lupia\u00f1ez S.L. - Cuines industrials","description":"Cuina industrial Model MS-200 de construcci\u00f3 d'acer inoxidable AISI 304 18\/10 \/ Taulell de 2,5mm de gruix \/ Safata recull-greixos.","robots":{"index":"index","follow":"follow","max-snippet":"max-snippet:-1","max-image-preview":"max-image-preview:large","max-video-preview":"max-video-preview:-1"},"canonical":"https:\/\/cocinaslupianez.com\/ca\/producte\/model-ms-200\/","og_locale":"ca_ES","og_type":"article","og_title":"Model MS-200 - Lupia\u00f1ez S.L. - Cuines industrials","og_description":"Cuina industrial Model MS-200 de construcci\u00f3 d'acer inoxidable AISI 304 18\/10 \/ Taulell de 2,5mm de gruix \/ Safata recull-greixos.","og_url":"https:\/\/cocinaslupianez.com\/ca\/producte\/model-ms-200\/","og_site_name":"Lupia\u00f1ez S.L.","og_image":[{"width":1000,"height":1143,"url":"https:\/\/cocinaslupianez.com\/wp-content\/uploads\/2023\/07\/cocina-industrial-MS-200.jpg","type":"image\/jpeg"}],"twitter_card":"summary_large_image","schema":{"@context":"https:\/\/schema.org","@graph":[{"@type":"WebPage","@id":"https:\/\/cocinaslupianez.com\/ca\/producte\/model-ms-200\/","url":"https:\/\/cocinaslupianez.com\/ca\/producte\/model-ms-200\/","name":"Model MS-200 - Lupia\u00f1ez S.L. - Cuines industrials","isPartOf":{"@id":"https:\/\/cocinaslupianez.com\/ca\/#website"},"datePublished":"2023-07-27T09:50:28+00:00","dateModified":"2023-07-27T09:50:28+00:00","description":"Cuina industrial Model MS-200 de construcci\u00f3 d'acer inoxidable AISI 304 18\/10 \/ Taulell de 2,5mm de gruix \/ Safata recull-greixos.","breadcrumb":{"@id":"https:\/\/cocinaslupianez.com\/ca\/producte\/model-ms-200\/#breadcrumb"},"inLanguage":"ca","potentialAction":[{"@type":"ReadAction","target":["https:\/\/cocinaslupianez.com\/ca\/producte\/model-ms-200\/"]}]},{"@type":"BreadcrumbList","@id":"https:\/\/cocinaslupianez.com\/ca\/producte\/model-ms-200\/#breadcrumb","itemListElement":[{"@type":"ListItem","position":1,"name":"Portada","item":"https:\/\/cocinaslupianez.com\/ca\/"},{"@type":"ListItem","position":2,"name":"Productes","item":"https:\/\/cocinaslupianez.com\/ca\/productes\/"},{"@type":"ListItem","position":3,"name":"Model MS-200"}]},{"@type":"WebSite","@id":"https:\/\/cocinaslupianez.com\/ca\/#website","url":"https:\/\/cocinaslupianez.com\/ca\/","name":"Cocinas Lupia\u00f1ez","description":"Cocinas industriales","publisher":{"@id":"https:\/\/cocinaslupianez.com\/ca\/#organization"},"alternateName":"Cocinas Lupigas","potentialAction":[{"@type":"SearchAction","target":{"@type":"EntryPoint","urlTemplate":"https:\/\/cocinaslupianez.com\/ca\/?s={search_term_string}"},"query-input":"required name=search_term_string"}],"inLanguage":"ca"},{"@type":"Organization","@id":"https:\/\/cocinaslupianez.com\/ca\/#organization","name":"Cocinas Lupigas","alternateName":"Cocinas Lupigas","url":"https:\/\/cocinaslupianez.com\/ca\/","logo":{"@type":"ImageObject","inLanguage":"ca","@id":"https:\/\/cocinaslupianez.com\/ca\/#\/schema\/logo\/image\/","url":"https:\/\/cocinaslupianez.com\/wp-content\/uploads\/2023\/10\/cocinas-lupianez-logo-yoast.jpg","contentUrl":"https:\/\/cocinaslupianez.com\/wp-content\/uploads\/2023\/10\/cocinas-lupianez-logo-yoast.jpg","width":1200,"height":675,"caption":"Cocinas Lupigas"},"image":{"@id":"https:\/\/cocinaslupianez.com\/ca\/#\/schema\/logo\/image\/"}}]}},"_links":{"self":[{"href":"https:\/\/cocinaslupianez.com\/ca\/wp-json\/wp\/v2\/product\/17624","targetHints":{"allow":["GET"]}}],"collection":[{"href":"https:\/\/cocinaslupianez.com\/ca\/wp-json\/wp\/v2\/product"}],"about":[{"href":"https:\/\/cocinaslupianez.com\/ca\/wp-json\/wp\/v2\/types\/product"}],"replies":[{"embeddable":true,"href":"https:\/\/cocinaslupianez.com\/ca\/wp-json\/wp\/v2\/comments?post=17624"}],"version-history":[{"count":0,"href":"https:\/\/cocinaslupianez.com\/ca\/wp-json\/wp\/v2\/product\/17624\/revisions"}],"wp:featuredmedia":[{"embeddable":true,"href":"https:\/\/cocinaslupianez.com\/ca\/wp-json\/wp\/v2\/media\/17096"}],"wp:attachment":[{"href":"https:\/\/cocinaslupianez.com\/ca\/wp-json\/wp\/v2\/media?parent=17624"}],"wp:term":[{"taxonomy":"product_cat","embeddable":true,"href":"https:\/\/cocinaslupianez.com\/ca\/wp-json\/wp\/v2\/product_cat?post=17624"},{"taxonomy":"product_tag","embeddable":true,"href":"https:\/\/cocinaslupianez.com\/ca\/wp-json\/wp\/v2\/product_tag?post=17624"}],"curies":[{"name":"wp","href":"https:\/\/api.w.org\/{rel}","templated":true}]}}