{"id":17610,"date":"2023-07-27T12:30:56","date_gmt":"2023-07-27T10:30:56","guid":{"rendered":"https:\/\/cocinaslupianez.com\/producto\/model-600\/"},"modified":"2023-07-27T12:30:56","modified_gmt":"2023-07-27T10:30:56","slug":"model-600","status":"publish","type":"product","link":"https:\/\/cocinaslupianez.com\/ca\/producte\/model-600\/","title":{"rendered":"Model 600"},"content":{"rendered":"<p>Cuina industrial Model 600: Construcci\u00f3 d&#8217;acer inoxidable AISI 304 18\/10 \/ Taulell de 2,5 mm de gruix \/ Safata recull-greixos \/ Graelles de ferro colat, esmaltades i vitrificades \/ Comandaments de llaut\u00f3 polit \/ Planxa r\u00e0pida de ferro colat ( opcional planxa de crom dur) \/ Dimensions planxa: 640x580mm \/ Forn de doble cambra, treballant per convecci\u00f3 natural estalviant un 30% de gas, prove\u00eft de v\u00e0lvula termost\u00e0tica \/ Dimensions interiors forn: 600x750x300mm \/ Aixetes i v\u00e0lvules situades per al manteniment i la neteja \/ Cremadors oberts de gran rendiment \/ Potes robustes d&#8217;acer inoxidable regulables en al\u00e7ada.<\/p>\n<p><img fetchpriority=\"high\" decoding=\"async\" class=\"wp-image-15634 size-full aligncenter\" src=\"https:\/\/cocinaslupianez.com\/wp-content\/uploads\/2023\/07\/cocina-industrial-MS-600-especificaciones-e1703162532127.jpg\" alt=\"\" width=\"1280\" height=\"345\" srcset=\"https:\/\/cocinaslupianez.com\/wp-content\/uploads\/2023\/07\/cocina-industrial-MS-600-especificaciones-e1703162532127.jpg 1280w, https:\/\/cocinaslupianez.com\/wp-content\/uploads\/2023\/07\/cocina-industrial-MS-600-especificaciones-e1703162532127-400x108.jpg 400w, https:\/\/cocinaslupianez.com\/wp-content\/uploads\/2023\/07\/cocina-industrial-MS-600-especificaciones-e1703162532127-768x207.jpg 768w, https:\/\/cocinaslupianez.com\/wp-content\/uploads\/2023\/07\/cocina-industrial-MS-600-especificaciones-e1703162532127-860x232.jpg 860w, https:\/\/cocinaslupianez.com\/wp-content\/uploads\/2023\/07\/cocina-industrial-MS-600-especificaciones-e1703162532127-430x116.jpg 430w, https:\/\/cocinaslupianez.com\/wp-content\/uploads\/2023\/07\/cocina-industrial-MS-600-especificaciones-e1703162532127-700x189.jpg 700w, https:\/\/cocinaslupianez.com\/wp-content\/uploads\/2023\/07\/cocina-industrial-MS-600-especificaciones-e1703162532127-150x40.jpg 150w\" sizes=\"(max-width: 1280px) 100vw, 1280px\" \/><\/p>\n","protected":false},"excerpt":{"rendered":"<p>Cuina industrial Model 600: Construcci\u00f3 d&#8217;acer inoxidable AISI 304 18\/10 \/ Taulell de 2,5 mm de gruix \/ Safata recull-greixos \/ Graelles de ferro colat, esmaltades i vitrificades \/ Comandaments de llaut\u00f3 polit \/ Planxa r\u00e0pida de ferro colat ( opcional planxa de crom dur) \/ Dimensions planxa: 640x580mm \/ Forn de doble cambra, treballant per convecci\u00f3 natural estalviant un 30% de gas, prove\u00eft de v\u00e0lvula termost\u00e0tica \/ Dimensions interiors forn: 600x750x300mm \/ Aixetes i v\u00e0lvules situades per al manteniment i la neteja \/ Cremadors oberts de gran rendiment \/ Potes robustes d&#8217;acer inoxidable regulables en al\u00e7ada.<\/p>\n","protected":false},"featured_media":17107,"comment_status":"open","ping_status":"closed","template":"","meta":[],"product_cat":[337,340],"product_tag":[],"class_list":{"0":"post-17610","1":"product","2":"type-product","3":"status-publish","4":"has-post-thumbnail","6":"product_cat-coccio","7":"product_cat-cuines-industrials","9":"first","10":"instock","11":"shipping-taxable","12":"purchasable","13":"product-type-variable"},"yoast_head":"<!-- This site is optimized with the Yoast SEO plugin v21.7 - https:\/\/yoast.com\/wordpress\/plugins\/seo\/ -->\n<title>Model 600 - Lupia\u00f1ez S.L.<\/title>\n<meta name=\"description\" content=\"Cuina industrial Model 600: Construcci\u00f3 d&#039;acer inoxidable AISI 304 18\/10 \/ Taulell de 2,5 mm de gruix \/ Safata recull-greixos.\" \/>\n<meta name=\"robots\" content=\"index, follow, max-snippet:-1, max-image-preview:large, max-video-preview:-1\" \/>\n<link rel=\"canonical\" href=\"https:\/\/cocinaslupianez.com\/ca\/producte\/model-600\/\" \/>\n<meta property=\"og:locale\" content=\"ca_ES\" \/>\n<meta property=\"og:type\" content=\"article\" \/>\n<meta property=\"og:title\" content=\"Model 600 - Lupia\u00f1ez S.L.\" \/>\n<meta property=\"og:description\" content=\"Cuina industrial Model 600: Construcci\u00f3 d&#039;acer inoxidable AISI 304 18\/10 \/ Taulell de 2,5 mm de gruix \/ Safata recull-greixos.\" \/>\n<meta property=\"og:url\" content=\"https:\/\/cocinaslupianez.com\/ca\/producte\/model-600\/\" \/>\n<meta property=\"og:site_name\" content=\"Lupia\u00f1ez S.L.\" \/>\n<meta property=\"og:image\" content=\"https:\/\/cocinaslupianez.com\/wp-content\/uploads\/2023\/07\/cocina-industrial-MS-600.jpg\" \/>\n\t<meta property=\"og:image:width\" content=\"1000\" \/>\n\t<meta property=\"og:image:height\" content=\"1143\" \/>\n\t<meta property=\"og:image:type\" content=\"image\/jpeg\" \/>\n<meta name=\"twitter:card\" content=\"summary_large_image\" \/>\n<script type=\"application\/ld+json\" class=\"yoast-schema-graph\">{\"@context\":\"https:\/\/schema.org\",\"@graph\":[{\"@type\":\"WebPage\",\"@id\":\"https:\/\/cocinaslupianez.com\/ca\/producte\/model-600\/\",\"url\":\"https:\/\/cocinaslupianez.com\/ca\/producte\/model-600\/\",\"name\":\"Model 600 - Lupia\u00f1ez S.L.\",\"isPartOf\":{\"@id\":\"https:\/\/cocinaslupianez.com\/ca\/#website\"},\"datePublished\":\"2023-07-27T10:30:56+00:00\",\"dateModified\":\"2023-07-27T10:30:56+00:00\",\"description\":\"Cuina industrial Model 600: Construcci\u00f3 d'acer inoxidable AISI 304 18\/10 \/ Taulell de 2,5 mm de gruix \/ Safata recull-greixos.\",\"breadcrumb\":{\"@id\":\"https:\/\/cocinaslupianez.com\/ca\/producte\/model-600\/#breadcrumb\"},\"inLanguage\":\"ca\",\"potentialAction\":[{\"@type\":\"ReadAction\",\"target\":[\"https:\/\/cocinaslupianez.com\/ca\/producte\/model-600\/\"]}]},{\"@type\":\"BreadcrumbList\",\"@id\":\"https:\/\/cocinaslupianez.com\/ca\/producte\/model-600\/#breadcrumb\",\"itemListElement\":[{\"@type\":\"ListItem\",\"position\":1,\"name\":\"Portada\",\"item\":\"https:\/\/cocinaslupianez.com\/ca\/\"},{\"@type\":\"ListItem\",\"position\":2,\"name\":\"Productes\",\"item\":\"https:\/\/cocinaslupianez.com\/ca\/productes\/\"},{\"@type\":\"ListItem\",\"position\":3,\"name\":\"Model 600\"}]},{\"@type\":\"WebSite\",\"@id\":\"https:\/\/cocinaslupianez.com\/ca\/#website\",\"url\":\"https:\/\/cocinaslupianez.com\/ca\/\",\"name\":\"Cocinas Lupia\u00f1ez\",\"description\":\"Cocinas industriales\",\"publisher\":{\"@id\":\"https:\/\/cocinaslupianez.com\/ca\/#organization\"},\"alternateName\":\"Cocinas Lupigas\",\"potentialAction\":[{\"@type\":\"SearchAction\",\"target\":{\"@type\":\"EntryPoint\",\"urlTemplate\":\"https:\/\/cocinaslupianez.com\/ca\/?s={search_term_string}\"},\"query-input\":\"required name=search_term_string\"}],\"inLanguage\":\"ca\"},{\"@type\":\"Organization\",\"@id\":\"https:\/\/cocinaslupianez.com\/ca\/#organization\",\"name\":\"Cocinas Lupigas\",\"alternateName\":\"Cocinas Lupigas\",\"url\":\"https:\/\/cocinaslupianez.com\/ca\/\",\"logo\":{\"@type\":\"ImageObject\",\"inLanguage\":\"ca\",\"@id\":\"https:\/\/cocinaslupianez.com\/ca\/#\/schema\/logo\/image\/\",\"url\":\"https:\/\/cocinaslupianez.com\/wp-content\/uploads\/2023\/10\/cocinas-lupianez-logo-yoast.jpg\",\"contentUrl\":\"https:\/\/cocinaslupianez.com\/wp-content\/uploads\/2023\/10\/cocinas-lupianez-logo-yoast.jpg\",\"width\":1200,\"height\":675,\"caption\":\"Cocinas Lupigas\"},\"image\":{\"@id\":\"https:\/\/cocinaslupianez.com\/ca\/#\/schema\/logo\/image\/\"}}]}<\/script>\n<!-- \/ Yoast SEO plugin. -->","yoast_head_json":{"title":"Model 600 - Lupia\u00f1ez S.L.","description":"Cuina industrial Model 600: Construcci\u00f3 d'acer inoxidable AISI 304 18\/10 \/ Taulell de 2,5 mm de gruix \/ Safata recull-greixos.","robots":{"index":"index","follow":"follow","max-snippet":"max-snippet:-1","max-image-preview":"max-image-preview:large","max-video-preview":"max-video-preview:-1"},"canonical":"https:\/\/cocinaslupianez.com\/ca\/producte\/model-600\/","og_locale":"ca_ES","og_type":"article","og_title":"Model 600 - Lupia\u00f1ez S.L.","og_description":"Cuina industrial Model 600: Construcci\u00f3 d'acer inoxidable AISI 304 18\/10 \/ Taulell de 2,5 mm de gruix \/ Safata recull-greixos.","og_url":"https:\/\/cocinaslupianez.com\/ca\/producte\/model-600\/","og_site_name":"Lupia\u00f1ez S.L.","og_image":[{"width":1000,"height":1143,"url":"https:\/\/cocinaslupianez.com\/wp-content\/uploads\/2023\/07\/cocina-industrial-MS-600.jpg","type":"image\/jpeg"}],"twitter_card":"summary_large_image","schema":{"@context":"https:\/\/schema.org","@graph":[{"@type":"WebPage","@id":"https:\/\/cocinaslupianez.com\/ca\/producte\/model-600\/","url":"https:\/\/cocinaslupianez.com\/ca\/producte\/model-600\/","name":"Model 600 - Lupia\u00f1ez S.L.","isPartOf":{"@id":"https:\/\/cocinaslupianez.com\/ca\/#website"},"datePublished":"2023-07-27T10:30:56+00:00","dateModified":"2023-07-27T10:30:56+00:00","description":"Cuina industrial Model 600: Construcci\u00f3 d'acer inoxidable AISI 304 18\/10 \/ Taulell de 2,5 mm de gruix \/ Safata recull-greixos.","breadcrumb":{"@id":"https:\/\/cocinaslupianez.com\/ca\/producte\/model-600\/#breadcrumb"},"inLanguage":"ca","potentialAction":[{"@type":"ReadAction","target":["https:\/\/cocinaslupianez.com\/ca\/producte\/model-600\/"]}]},{"@type":"BreadcrumbList","@id":"https:\/\/cocinaslupianez.com\/ca\/producte\/model-600\/#breadcrumb","itemListElement":[{"@type":"ListItem","position":1,"name":"Portada","item":"https:\/\/cocinaslupianez.com\/ca\/"},{"@type":"ListItem","position":2,"name":"Productes","item":"https:\/\/cocinaslupianez.com\/ca\/productes\/"},{"@type":"ListItem","position":3,"name":"Model 600"}]},{"@type":"WebSite","@id":"https:\/\/cocinaslupianez.com\/ca\/#website","url":"https:\/\/cocinaslupianez.com\/ca\/","name":"Cocinas Lupia\u00f1ez","description":"Cocinas industriales","publisher":{"@id":"https:\/\/cocinaslupianez.com\/ca\/#organization"},"alternateName":"Cocinas Lupigas","potentialAction":[{"@type":"SearchAction","target":{"@type":"EntryPoint","urlTemplate":"https:\/\/cocinaslupianez.com\/ca\/?s={search_term_string}"},"query-input":"required name=search_term_string"}],"inLanguage":"ca"},{"@type":"Organization","@id":"https:\/\/cocinaslupianez.com\/ca\/#organization","name":"Cocinas Lupigas","alternateName":"Cocinas Lupigas","url":"https:\/\/cocinaslupianez.com\/ca\/","logo":{"@type":"ImageObject","inLanguage":"ca","@id":"https:\/\/cocinaslupianez.com\/ca\/#\/schema\/logo\/image\/","url":"https:\/\/cocinaslupianez.com\/wp-content\/uploads\/2023\/10\/cocinas-lupianez-logo-yoast.jpg","contentUrl":"https:\/\/cocinaslupianez.com\/wp-content\/uploads\/2023\/10\/cocinas-lupianez-logo-yoast.jpg","width":1200,"height":675,"caption":"Cocinas Lupigas"},"image":{"@id":"https:\/\/cocinaslupianez.com\/ca\/#\/schema\/logo\/image\/"}}]}},"_links":{"self":[{"href":"https:\/\/cocinaslupianez.com\/ca\/wp-json\/wp\/v2\/product\/17610","targetHints":{"allow":["GET"]}}],"collection":[{"href":"https:\/\/cocinaslupianez.com\/ca\/wp-json\/wp\/v2\/product"}],"about":[{"href":"https:\/\/cocinaslupianez.com\/ca\/wp-json\/wp\/v2\/types\/product"}],"replies":[{"embeddable":true,"href":"https:\/\/cocinaslupianez.com\/ca\/wp-json\/wp\/v2\/comments?post=17610"}],"version-history":[{"count":0,"href":"https:\/\/cocinaslupianez.com\/ca\/wp-json\/wp\/v2\/product\/17610\/revisions"}],"wp:featuredmedia":[{"embeddable":true,"href":"https:\/\/cocinaslupianez.com\/ca\/wp-json\/wp\/v2\/media\/17107"}],"wp:attachment":[{"href":"https:\/\/cocinaslupianez.com\/ca\/wp-json\/wp\/v2\/media?parent=17610"}],"wp:term":[{"taxonomy":"product_cat","embeddable":true,"href":"https:\/\/cocinaslupianez.com\/ca\/wp-json\/wp\/v2\/product_cat?post=17610"},{"taxonomy":"product_tag","embeddable":true,"href":"https:\/\/cocinaslupianez.com\/ca\/wp-json\/wp\/v2\/product_tag?post=17610"}],"curies":[{"name":"wp","href":"https:\/\/api.w.org\/{rel}","templated":true}]}}