{"id":17568,"date":"2023-07-27T16:47:11","date_gmt":"2023-07-27T14:47:11","guid":{"rendered":"https:\/\/cocinaslupianez.com\/producto\/model-mp9-500\/"},"modified":"2023-07-27T16:47:11","modified_gmt":"2023-07-27T14:47:11","slug":"model-mp9-500","status":"publish","type":"product","link":"https:\/\/cocinaslupianez.com\/ca\/producte\/model-mp9-500\/","title":{"rendered":"Model MP9\/500"},"content":{"rendered":"<p>Planxa Model MP9\/500 de construcci\u00f3 d&#8217;acer inoxidable AISI 304 18\/10 \/ Taulell de 2,5mm de gruix \/ Calaix recull-greixos de grans dimensions \/ Comandaments de llaut\u00f3 polit \/ Planxa de crom dur amb un gruix de 20mm i 50 micres de crom \/ Amb petos laterals \/ Tot el conjunt de la planxa i petos va en una pe\u00e7a desmuntable sense mecanismes ni elements \/ El bulb de la v\u00e0lvula termost\u00e0tica va col\u00b7locat sobre un suport amb moll que mant\u00e9 un contacte de temperatura i est\u00e0 totalment protegit de reescalfaments per la seva ubicaci\u00f3 i protecci\u00f3 \/ La v\u00e0lvula termost\u00e0tica va a la part inferior per a la ventilaci\u00f3 i el bon funcionament \/ Cremadors tubulars de gran rendiment \/ Potes robustes d&#8217;acer inoxidable regulables en al\u00e7ada.<\/p>\n<p><img fetchpriority=\"high\" decoding=\"async\" class=\"wp-image-15747 size-full aligncenter\" src=\"https:\/\/cocinaslupianez.com\/wp-content\/uploads\/2023\/07\/MP9-500-especificaciones-e1703163032490.jpg\" alt=\"\" width=\"1347\" height=\"90\" srcset=\"https:\/\/cocinaslupianez.com\/wp-content\/uploads\/2023\/07\/MP9-500-especificaciones-e1703163032490.jpg 1347w, https:\/\/cocinaslupianez.com\/wp-content\/uploads\/2023\/07\/MP9-500-especificaciones-e1703163032490-400x27.jpg 400w, https:\/\/cocinaslupianez.com\/wp-content\/uploads\/2023\/07\/MP9-500-especificaciones-e1703163032490-1300x87.jpg 1300w, https:\/\/cocinaslupianez.com\/wp-content\/uploads\/2023\/07\/MP9-500-especificaciones-e1703163032490-768x51.jpg 768w, https:\/\/cocinaslupianez.com\/wp-content\/uploads\/2023\/07\/MP9-500-especificaciones-e1703163032490-860x57.jpg 860w, https:\/\/cocinaslupianez.com\/wp-content\/uploads\/2023\/07\/MP9-500-especificaciones-e1703163032490-430x29.jpg 430w, https:\/\/cocinaslupianez.com\/wp-content\/uploads\/2023\/07\/MP9-500-especificaciones-e1703163032490-700x47.jpg 700w, https:\/\/cocinaslupianez.com\/wp-content\/uploads\/2023\/07\/MP9-500-especificaciones-e1703163032490-150x10.jpg 150w\" sizes=\"(max-width: 1347px) 100vw, 1347px\" \/><\/p>\n","protected":false},"excerpt":{"rendered":"<p>Planxa Model MP9\/500 de construcci\u00f3 d&#8217;acer inoxidable AISI 304 18\/10 \/ Taulell de 2,5mm de gruix \/ Calaix recull-greixos de grans dimensions \/ Comandaments de llaut\u00f3 polit \/ Planxa de crom dur amb un gruix de 20mm i 50 micres de crom \/ Amb petos laterals \/ Tot el conjunt de la planxa i petos va en una pe\u00e7a desmuntable sense mecanismes ni elements \/ El bulb de la v\u00e0lvula termost\u00e0tica va col\u00b7locat sobre un suport amb moll que mant\u00e9 un contacte de temperatura i est\u00e0 totalment protegit de reescalfaments per la seva ubicaci\u00f3 i protecci\u00f3 \/ La v\u00e0lvula termost\u00e0tica va a la part inferior per a la ventilaci\u00f3 i el bon funcionament \/ Cremadors tubulars de gran rendiment \/ Potes robustes d&#8217;acer inoxidable regulables en al\u00e7ada.<\/p>\n","protected":false},"featured_media":17149,"comment_status":"open","ping_status":"closed","template":"","meta":[],"product_cat":[337,343],"product_tag":[],"class_list":{"0":"post-17568","1":"product","2":"type-product","3":"status-publish","4":"has-post-thumbnail","6":"product_cat-coccio","7":"product_cat-planxes","9":"first","10":"instock","11":"shipping-taxable","12":"purchasable","13":"product-type-simple"},"yoast_head":"<!-- This site is optimized with the Yoast SEO plugin v21.7 - https:\/\/yoast.com\/wordpress\/plugins\/seo\/ -->\n<title>Model MP9\/500 - Lupia\u00f1ez S.L.<\/title>\n<meta name=\"description\" content=\"Planxa Model MP9\/500 de construcci\u00f3 d&#039;acer inoxidable AISI 304 18\/10 \/ Taulell de 2,5mm de gruix \/ Calaix recull-greixos de grans dimensions.\" \/>\n<meta name=\"robots\" content=\"index, follow, max-snippet:-1, max-image-preview:large, max-video-preview:-1\" \/>\n<link rel=\"canonical\" href=\"https:\/\/cocinaslupianez.com\/ca\/producte\/model-mp9-500\/\" \/>\n<meta property=\"og:locale\" content=\"ca_ES\" \/>\n<meta property=\"og:type\" content=\"article\" \/>\n<meta property=\"og:title\" content=\"Model MP9\/500 - Lupia\u00f1ez S.L.\" \/>\n<meta property=\"og:description\" content=\"Planxa Model MP9\/500 de construcci\u00f3 d&#039;acer inoxidable AISI 304 18\/10 \/ Taulell de 2,5mm de gruix \/ Calaix recull-greixos de grans dimensions.\" \/>\n<meta property=\"og:url\" content=\"https:\/\/cocinaslupianez.com\/ca\/producte\/model-mp9-500\/\" \/>\n<meta property=\"og:site_name\" content=\"Lupia\u00f1ez S.L.\" \/>\n<meta property=\"og:image\" content=\"https:\/\/cocinaslupianez.com\/wp-content\/uploads\/2023\/07\/MP9-500.jpg\" \/>\n\t<meta property=\"og:image:width\" content=\"1000\" \/>\n\t<meta property=\"og:image:height\" content=\"1143\" \/>\n\t<meta property=\"og:image:type\" content=\"image\/jpeg\" \/>\n<meta name=\"twitter:card\" content=\"summary_large_image\" \/>\n<meta name=\"twitter:label1\" content=\"Temps estimat de lectura\" \/>\n\t<meta name=\"twitter:data1\" content=\"1 minut\" \/>\n<script type=\"application\/ld+json\" class=\"yoast-schema-graph\">{\"@context\":\"https:\/\/schema.org\",\"@graph\":[{\"@type\":\"WebPage\",\"@id\":\"https:\/\/cocinaslupianez.com\/ca\/producte\/model-mp9-500\/\",\"url\":\"https:\/\/cocinaslupianez.com\/ca\/producte\/model-mp9-500\/\",\"name\":\"Model MP9\/500 - Lupia\u00f1ez S.L.\",\"isPartOf\":{\"@id\":\"https:\/\/cocinaslupianez.com\/ca\/#website\"},\"datePublished\":\"2023-07-27T14:47:11+00:00\",\"dateModified\":\"2023-07-27T14:47:11+00:00\",\"description\":\"Planxa Model MP9\/500 de construcci\u00f3 d'acer inoxidable AISI 304 18\/10 \/ Taulell de 2,5mm de gruix \/ Calaix recull-greixos de grans dimensions.\",\"breadcrumb\":{\"@id\":\"https:\/\/cocinaslupianez.com\/ca\/producte\/model-mp9-500\/#breadcrumb\"},\"inLanguage\":\"ca\",\"potentialAction\":[{\"@type\":\"ReadAction\",\"target\":[\"https:\/\/cocinaslupianez.com\/ca\/producte\/model-mp9-500\/\"]}]},{\"@type\":\"BreadcrumbList\",\"@id\":\"https:\/\/cocinaslupianez.com\/ca\/producte\/model-mp9-500\/#breadcrumb\",\"itemListElement\":[{\"@type\":\"ListItem\",\"position\":1,\"name\":\"Portada\",\"item\":\"https:\/\/cocinaslupianez.com\/ca\/\"},{\"@type\":\"ListItem\",\"position\":2,\"name\":\"Productes\",\"item\":\"https:\/\/cocinaslupianez.com\/ca\/productes\/\"},{\"@type\":\"ListItem\",\"position\":3,\"name\":\"Model MP9\/500\"}]},{\"@type\":\"WebSite\",\"@id\":\"https:\/\/cocinaslupianez.com\/ca\/#website\",\"url\":\"https:\/\/cocinaslupianez.com\/ca\/\",\"name\":\"Cocinas Lupia\u00f1ez\",\"description\":\"Cocinas industriales\",\"publisher\":{\"@id\":\"https:\/\/cocinaslupianez.com\/ca\/#organization\"},\"alternateName\":\"Cocinas Lupigas\",\"potentialAction\":[{\"@type\":\"SearchAction\",\"target\":{\"@type\":\"EntryPoint\",\"urlTemplate\":\"https:\/\/cocinaslupianez.com\/ca\/?s={search_term_string}\"},\"query-input\":\"required name=search_term_string\"}],\"inLanguage\":\"ca\"},{\"@type\":\"Organization\",\"@id\":\"https:\/\/cocinaslupianez.com\/ca\/#organization\",\"name\":\"Cocinas Lupigas\",\"alternateName\":\"Cocinas Lupigas\",\"url\":\"https:\/\/cocinaslupianez.com\/ca\/\",\"logo\":{\"@type\":\"ImageObject\",\"inLanguage\":\"ca\",\"@id\":\"https:\/\/cocinaslupianez.com\/ca\/#\/schema\/logo\/image\/\",\"url\":\"https:\/\/cocinaslupianez.com\/wp-content\/uploads\/2023\/10\/cocinas-lupianez-logo-yoast.jpg\",\"contentUrl\":\"https:\/\/cocinaslupianez.com\/wp-content\/uploads\/2023\/10\/cocinas-lupianez-logo-yoast.jpg\",\"width\":1200,\"height\":675,\"caption\":\"Cocinas Lupigas\"},\"image\":{\"@id\":\"https:\/\/cocinaslupianez.com\/ca\/#\/schema\/logo\/image\/\"}}]}<\/script>\n<!-- \/ Yoast SEO plugin. -->","yoast_head_json":{"title":"Model MP9\/500 - Lupia\u00f1ez S.L.","description":"Planxa Model MP9\/500 de construcci\u00f3 d'acer inoxidable AISI 304 18\/10 \/ Taulell de 2,5mm de gruix \/ Calaix recull-greixos de grans dimensions.","robots":{"index":"index","follow":"follow","max-snippet":"max-snippet:-1","max-image-preview":"max-image-preview:large","max-video-preview":"max-video-preview:-1"},"canonical":"https:\/\/cocinaslupianez.com\/ca\/producte\/model-mp9-500\/","og_locale":"ca_ES","og_type":"article","og_title":"Model MP9\/500 - Lupia\u00f1ez S.L.","og_description":"Planxa Model MP9\/500 de construcci\u00f3 d'acer inoxidable AISI 304 18\/10 \/ Taulell de 2,5mm de gruix \/ Calaix recull-greixos de grans dimensions.","og_url":"https:\/\/cocinaslupianez.com\/ca\/producte\/model-mp9-500\/","og_site_name":"Lupia\u00f1ez S.L.","og_image":[{"width":1000,"height":1143,"url":"https:\/\/cocinaslupianez.com\/wp-content\/uploads\/2023\/07\/MP9-500.jpg","type":"image\/jpeg"}],"twitter_card":"summary_large_image","twitter_misc":{"Temps estimat de lectura":"1 minut"},"schema":{"@context":"https:\/\/schema.org","@graph":[{"@type":"WebPage","@id":"https:\/\/cocinaslupianez.com\/ca\/producte\/model-mp9-500\/","url":"https:\/\/cocinaslupianez.com\/ca\/producte\/model-mp9-500\/","name":"Model MP9\/500 - Lupia\u00f1ez S.L.","isPartOf":{"@id":"https:\/\/cocinaslupianez.com\/ca\/#website"},"datePublished":"2023-07-27T14:47:11+00:00","dateModified":"2023-07-27T14:47:11+00:00","description":"Planxa Model MP9\/500 de construcci\u00f3 d'acer inoxidable AISI 304 18\/10 \/ Taulell de 2,5mm de gruix \/ Calaix recull-greixos de grans dimensions.","breadcrumb":{"@id":"https:\/\/cocinaslupianez.com\/ca\/producte\/model-mp9-500\/#breadcrumb"},"inLanguage":"ca","potentialAction":[{"@type":"ReadAction","target":["https:\/\/cocinaslupianez.com\/ca\/producte\/model-mp9-500\/"]}]},{"@type":"BreadcrumbList","@id":"https:\/\/cocinaslupianez.com\/ca\/producte\/model-mp9-500\/#breadcrumb","itemListElement":[{"@type":"ListItem","position":1,"name":"Portada","item":"https:\/\/cocinaslupianez.com\/ca\/"},{"@type":"ListItem","position":2,"name":"Productes","item":"https:\/\/cocinaslupianez.com\/ca\/productes\/"},{"@type":"ListItem","position":3,"name":"Model MP9\/500"}]},{"@type":"WebSite","@id":"https:\/\/cocinaslupianez.com\/ca\/#website","url":"https:\/\/cocinaslupianez.com\/ca\/","name":"Cocinas Lupia\u00f1ez","description":"Cocinas industriales","publisher":{"@id":"https:\/\/cocinaslupianez.com\/ca\/#organization"},"alternateName":"Cocinas Lupigas","potentialAction":[{"@type":"SearchAction","target":{"@type":"EntryPoint","urlTemplate":"https:\/\/cocinaslupianez.com\/ca\/?s={search_term_string}"},"query-input":"required name=search_term_string"}],"inLanguage":"ca"},{"@type":"Organization","@id":"https:\/\/cocinaslupianez.com\/ca\/#organization","name":"Cocinas Lupigas","alternateName":"Cocinas Lupigas","url":"https:\/\/cocinaslupianez.com\/ca\/","logo":{"@type":"ImageObject","inLanguage":"ca","@id":"https:\/\/cocinaslupianez.com\/ca\/#\/schema\/logo\/image\/","url":"https:\/\/cocinaslupianez.com\/wp-content\/uploads\/2023\/10\/cocinas-lupianez-logo-yoast.jpg","contentUrl":"https:\/\/cocinaslupianez.com\/wp-content\/uploads\/2023\/10\/cocinas-lupianez-logo-yoast.jpg","width":1200,"height":675,"caption":"Cocinas Lupigas"},"image":{"@id":"https:\/\/cocinaslupianez.com\/ca\/#\/schema\/logo\/image\/"}}]}},"_links":{"self":[{"href":"https:\/\/cocinaslupianez.com\/ca\/wp-json\/wp\/v2\/product\/17568","targetHints":{"allow":["GET"]}}],"collection":[{"href":"https:\/\/cocinaslupianez.com\/ca\/wp-json\/wp\/v2\/product"}],"about":[{"href":"https:\/\/cocinaslupianez.com\/ca\/wp-json\/wp\/v2\/types\/product"}],"replies":[{"embeddable":true,"href":"https:\/\/cocinaslupianez.com\/ca\/wp-json\/wp\/v2\/comments?post=17568"}],"version-history":[{"count":0,"href":"https:\/\/cocinaslupianez.com\/ca\/wp-json\/wp\/v2\/product\/17568\/revisions"}],"wp:featuredmedia":[{"embeddable":true,"href":"https:\/\/cocinaslupianez.com\/ca\/wp-json\/wp\/v2\/media\/17149"}],"wp:attachment":[{"href":"https:\/\/cocinaslupianez.com\/ca\/wp-json\/wp\/v2\/media?parent=17568"}],"wp:term":[{"taxonomy":"product_cat","embeddable":true,"href":"https:\/\/cocinaslupianez.com\/ca\/wp-json\/wp\/v2\/product_cat?post=17568"},{"taxonomy":"product_tag","embeddable":true,"href":"https:\/\/cocinaslupianez.com\/ca\/wp-json\/wp\/v2\/product_tag?post=17568"}],"curies":[{"name":"wp","href":"https:\/\/api.w.org\/{rel}","templated":true}]}}