{"id":17561,"date":"2023-07-28T10:14:14","date_gmt":"2023-07-28T08:14:14","guid":{"rendered":"https:\/\/cocinaslupianez.com\/producto\/model-lbar5\/"},"modified":"2023-07-28T10:14:14","modified_gmt":"2023-07-28T08:14:14","slug":"model-lbar5","status":"publish","type":"product","link":"https:\/\/cocinaslupianez.com\/ca\/producte\/model-lbar5\/","title":{"rendered":"Model LBAR5"},"content":{"rendered":"<p>Barbacoes s\u00e8rie SNACK Model LBAR5: A la part superior un m\u00f2dul desmuntable d&#8217;acer inoxidable refor\u00e7at amb maons refractaris \/ Graelles d&#8217;acer inoxidable regulable en dues posicions, amb canals per a recollides de greixos i evitar que caigui la m\u00ednima quantitat al carb\u00f3 \/ Superf\u00edcie de treball \u00e0mplia en tots els models d&#8217;aquesta s\u00e8rie, aprofitant m\u00e9s l&#8217;espai de treball \/ Prevista de v\u00e0lvula de seguretat \/ Aixetes i v\u00e0lvules de la nostra fabricaci\u00f3, ubicades a la part inferior per evitar escalfaments i allargar-ne la durada \/ Cremadors de gran rendiment d&#8217;acer esmaltat \/ Safata recull-greixos.<\/p>\n<p><img fetchpriority=\"high\" decoding=\"async\" class=\"wp-image-15778 size-full aligncenter\" src=\"https:\/\/cocinaslupianez.com\/wp-content\/uploads\/2023\/07\/Modelo-LBAR5-especificaciones-e1703163202360.jpg\" alt=\"\" width=\"1252\" height=\"170\" srcset=\"https:\/\/cocinaslupianez.com\/wp-content\/uploads\/2023\/07\/Modelo-LBAR5-especificaciones-e1703163202360.jpg 1252w, https:\/\/cocinaslupianez.com\/wp-content\/uploads\/2023\/07\/Modelo-LBAR5-especificaciones-e1703163202360-400x54.jpg 400w, https:\/\/cocinaslupianez.com\/wp-content\/uploads\/2023\/07\/Modelo-LBAR5-especificaciones-e1703163202360-768x104.jpg 768w, https:\/\/cocinaslupianez.com\/wp-content\/uploads\/2023\/07\/Modelo-LBAR5-especificaciones-e1703163202360-860x117.jpg 860w, https:\/\/cocinaslupianez.com\/wp-content\/uploads\/2023\/07\/Modelo-LBAR5-especificaciones-e1703163202360-430x58.jpg 430w, https:\/\/cocinaslupianez.com\/wp-content\/uploads\/2023\/07\/Modelo-LBAR5-especificaciones-e1703163202360-700x95.jpg 700w, https:\/\/cocinaslupianez.com\/wp-content\/uploads\/2023\/07\/Modelo-LBAR5-especificaciones-e1703163202360-150x20.jpg 150w\" sizes=\"(max-width: 1252px) 100vw, 1252px\" \/><\/p>\n","protected":false},"excerpt":{"rendered":"<p>Barbacoes s\u00e8rie SNACK Model LBAR5: A la part superior un m\u00f2dul desmuntable d&#8217;acer inoxidable refor\u00e7at amb maons refractaris \/ Graelles d&#8217;acer inoxidable regulable en dues posicions, amb canals per a recollides de greixos i evitar que caigui la m\u00ednima quantitat al carb\u00f3 \/ Superf\u00edcie de treball \u00e0mplia en tots els models d&#8217;aquesta s\u00e8rie, aprofitant m\u00e9s l&#8217;espai de treball \/ Prevista de v\u00e0lvula de seguretat \/ Aixetes i v\u00e0lvules de la nostra fabricaci\u00f3, ubicades a la part inferior per evitar escalfaments i allargar-ne la durada \/ Cremadors de gran rendiment d&#8217;acer esmaltat \/ Safata recull-greixos.<\/p>\n<p><em><strong>*Taula no inclosa en el preu. Consulta neutres.<\/strong><\/em><\/p>\n","protected":false},"featured_media":17163,"comment_status":"open","ping_status":"closed","template":"","meta":[],"product_cat":[339,337],"product_tag":[],"class_list":{"0":"post-17561","1":"product","2":"type-product","3":"status-publish","4":"has-post-thumbnail","6":"product_cat-barbacoes-serie-snack","7":"product_cat-coccio","9":"first","10":"instock","11":"shipping-taxable","12":"purchasable","13":"product-type-variable"},"yoast_head":"<!-- This site is optimized with the Yoast SEO plugin v21.7 - https:\/\/yoast.com\/wordpress\/plugins\/seo\/ -->\n<title>Model LBAR5 - Lupia\u00f1ez S.L.<\/title>\n<meta name=\"description\" content=\"Barbacoes s\u00e8rie SNACK Model LBAR5: A la part superior un m\u00f2dul desmuntable d&#039;acer inoxidable refor\u00e7at amb maons refractaris.\" \/>\n<meta name=\"robots\" content=\"index, follow, max-snippet:-1, max-image-preview:large, max-video-preview:-1\" \/>\n<link rel=\"canonical\" href=\"https:\/\/cocinaslupianez.com\/ca\/producte\/model-lbar5\/\" \/>\n<meta property=\"og:locale\" content=\"ca_ES\" \/>\n<meta property=\"og:type\" content=\"article\" \/>\n<meta property=\"og:title\" content=\"Model LBAR5 - Lupia\u00f1ez S.L.\" \/>\n<meta property=\"og:description\" content=\"Barbacoes s\u00e8rie SNACK Model LBAR5: A la part superior un m\u00f2dul desmuntable d&#039;acer inoxidable refor\u00e7at amb maons refractaris.\" \/>\n<meta property=\"og:url\" content=\"https:\/\/cocinaslupianez.com\/ca\/producte\/model-lbar5\/\" \/>\n<meta property=\"og:site_name\" content=\"Lupia\u00f1ez S.L.\" \/>\n<meta property=\"og:image\" content=\"https:\/\/cocinaslupianez.com\/wp-content\/uploads\/2023\/07\/Modelo-LBAR5.jpg\" \/>\n\t<meta property=\"og:image:width\" content=\"1000\" \/>\n\t<meta property=\"og:image:height\" content=\"1143\" \/>\n\t<meta property=\"og:image:type\" content=\"image\/jpeg\" \/>\n<meta name=\"twitter:card\" content=\"summary_large_image\" \/>\n<script type=\"application\/ld+json\" class=\"yoast-schema-graph\">{\"@context\":\"https:\/\/schema.org\",\"@graph\":[{\"@type\":\"WebPage\",\"@id\":\"https:\/\/cocinaslupianez.com\/ca\/producte\/model-lbar5\/\",\"url\":\"https:\/\/cocinaslupianez.com\/ca\/producte\/model-lbar5\/\",\"name\":\"Model LBAR5 - Lupia\u00f1ez S.L.\",\"isPartOf\":{\"@id\":\"https:\/\/cocinaslupianez.com\/ca\/#website\"},\"datePublished\":\"2023-07-28T08:14:14+00:00\",\"dateModified\":\"2023-07-28T08:14:14+00:00\",\"description\":\"Barbacoes s\u00e8rie SNACK Model LBAR5: A la part superior un m\u00f2dul desmuntable d'acer inoxidable refor\u00e7at amb maons refractaris.\",\"breadcrumb\":{\"@id\":\"https:\/\/cocinaslupianez.com\/ca\/producte\/model-lbar5\/#breadcrumb\"},\"inLanguage\":\"ca\",\"potentialAction\":[{\"@type\":\"ReadAction\",\"target\":[\"https:\/\/cocinaslupianez.com\/ca\/producte\/model-lbar5\/\"]}]},{\"@type\":\"BreadcrumbList\",\"@id\":\"https:\/\/cocinaslupianez.com\/ca\/producte\/model-lbar5\/#breadcrumb\",\"itemListElement\":[{\"@type\":\"ListItem\",\"position\":1,\"name\":\"Portada\",\"item\":\"https:\/\/cocinaslupianez.com\/ca\/\"},{\"@type\":\"ListItem\",\"position\":2,\"name\":\"Productes\",\"item\":\"https:\/\/cocinaslupianez.com\/ca\/productes\/\"},{\"@type\":\"ListItem\",\"position\":3,\"name\":\"Model LBAR5\"}]},{\"@type\":\"WebSite\",\"@id\":\"https:\/\/cocinaslupianez.com\/ca\/#website\",\"url\":\"https:\/\/cocinaslupianez.com\/ca\/\",\"name\":\"Cocinas Lupia\u00f1ez\",\"description\":\"Cocinas industriales\",\"publisher\":{\"@id\":\"https:\/\/cocinaslupianez.com\/ca\/#organization\"},\"alternateName\":\"Cocinas Lupigas\",\"potentialAction\":[{\"@type\":\"SearchAction\",\"target\":{\"@type\":\"EntryPoint\",\"urlTemplate\":\"https:\/\/cocinaslupianez.com\/ca\/?s={search_term_string}\"},\"query-input\":\"required name=search_term_string\"}],\"inLanguage\":\"ca\"},{\"@type\":\"Organization\",\"@id\":\"https:\/\/cocinaslupianez.com\/ca\/#organization\",\"name\":\"Cocinas Lupigas\",\"alternateName\":\"Cocinas Lupigas\",\"url\":\"https:\/\/cocinaslupianez.com\/ca\/\",\"logo\":{\"@type\":\"ImageObject\",\"inLanguage\":\"ca\",\"@id\":\"https:\/\/cocinaslupianez.com\/ca\/#\/schema\/logo\/image\/\",\"url\":\"https:\/\/cocinaslupianez.com\/wp-content\/uploads\/2023\/10\/cocinas-lupianez-logo-yoast.jpg\",\"contentUrl\":\"https:\/\/cocinaslupianez.com\/wp-content\/uploads\/2023\/10\/cocinas-lupianez-logo-yoast.jpg\",\"width\":1200,\"height\":675,\"caption\":\"Cocinas Lupigas\"},\"image\":{\"@id\":\"https:\/\/cocinaslupianez.com\/ca\/#\/schema\/logo\/image\/\"}}]}<\/script>\n<!-- \/ Yoast SEO plugin. -->","yoast_head_json":{"title":"Model LBAR5 - Lupia\u00f1ez S.L.","description":"Barbacoes s\u00e8rie SNACK Model LBAR5: A la part superior un m\u00f2dul desmuntable d'acer inoxidable refor\u00e7at amb maons refractaris.","robots":{"index":"index","follow":"follow","max-snippet":"max-snippet:-1","max-image-preview":"max-image-preview:large","max-video-preview":"max-video-preview:-1"},"canonical":"https:\/\/cocinaslupianez.com\/ca\/producte\/model-lbar5\/","og_locale":"ca_ES","og_type":"article","og_title":"Model LBAR5 - Lupia\u00f1ez S.L.","og_description":"Barbacoes s\u00e8rie SNACK Model LBAR5: A la part superior un m\u00f2dul desmuntable d'acer inoxidable refor\u00e7at amb maons refractaris.","og_url":"https:\/\/cocinaslupianez.com\/ca\/producte\/model-lbar5\/","og_site_name":"Lupia\u00f1ez S.L.","og_image":[{"width":1000,"height":1143,"url":"https:\/\/cocinaslupianez.com\/wp-content\/uploads\/2023\/07\/Modelo-LBAR5.jpg","type":"image\/jpeg"}],"twitter_card":"summary_large_image","schema":{"@context":"https:\/\/schema.org","@graph":[{"@type":"WebPage","@id":"https:\/\/cocinaslupianez.com\/ca\/producte\/model-lbar5\/","url":"https:\/\/cocinaslupianez.com\/ca\/producte\/model-lbar5\/","name":"Model LBAR5 - Lupia\u00f1ez S.L.","isPartOf":{"@id":"https:\/\/cocinaslupianez.com\/ca\/#website"},"datePublished":"2023-07-28T08:14:14+00:00","dateModified":"2023-07-28T08:14:14+00:00","description":"Barbacoes s\u00e8rie SNACK Model LBAR5: A la part superior un m\u00f2dul desmuntable d'acer inoxidable refor\u00e7at amb maons refractaris.","breadcrumb":{"@id":"https:\/\/cocinaslupianez.com\/ca\/producte\/model-lbar5\/#breadcrumb"},"inLanguage":"ca","potentialAction":[{"@type":"ReadAction","target":["https:\/\/cocinaslupianez.com\/ca\/producte\/model-lbar5\/"]}]},{"@type":"BreadcrumbList","@id":"https:\/\/cocinaslupianez.com\/ca\/producte\/model-lbar5\/#breadcrumb","itemListElement":[{"@type":"ListItem","position":1,"name":"Portada","item":"https:\/\/cocinaslupianez.com\/ca\/"},{"@type":"ListItem","position":2,"name":"Productes","item":"https:\/\/cocinaslupianez.com\/ca\/productes\/"},{"@type":"ListItem","position":3,"name":"Model LBAR5"}]},{"@type":"WebSite","@id":"https:\/\/cocinaslupianez.com\/ca\/#website","url":"https:\/\/cocinaslupianez.com\/ca\/","name":"Cocinas Lupia\u00f1ez","description":"Cocinas industriales","publisher":{"@id":"https:\/\/cocinaslupianez.com\/ca\/#organization"},"alternateName":"Cocinas Lupigas","potentialAction":[{"@type":"SearchAction","target":{"@type":"EntryPoint","urlTemplate":"https:\/\/cocinaslupianez.com\/ca\/?s={search_term_string}"},"query-input":"required name=search_term_string"}],"inLanguage":"ca"},{"@type":"Organization","@id":"https:\/\/cocinaslupianez.com\/ca\/#organization","name":"Cocinas Lupigas","alternateName":"Cocinas Lupigas","url":"https:\/\/cocinaslupianez.com\/ca\/","logo":{"@type":"ImageObject","inLanguage":"ca","@id":"https:\/\/cocinaslupianez.com\/ca\/#\/schema\/logo\/image\/","url":"https:\/\/cocinaslupianez.com\/wp-content\/uploads\/2023\/10\/cocinas-lupianez-logo-yoast.jpg","contentUrl":"https:\/\/cocinaslupianez.com\/wp-content\/uploads\/2023\/10\/cocinas-lupianez-logo-yoast.jpg","width":1200,"height":675,"caption":"Cocinas Lupigas"},"image":{"@id":"https:\/\/cocinaslupianez.com\/ca\/#\/schema\/logo\/image\/"}}]}},"_links":{"self":[{"href":"https:\/\/cocinaslupianez.com\/ca\/wp-json\/wp\/v2\/product\/17561","targetHints":{"allow":["GET"]}}],"collection":[{"href":"https:\/\/cocinaslupianez.com\/ca\/wp-json\/wp\/v2\/product"}],"about":[{"href":"https:\/\/cocinaslupianez.com\/ca\/wp-json\/wp\/v2\/types\/product"}],"replies":[{"embeddable":true,"href":"https:\/\/cocinaslupianez.com\/ca\/wp-json\/wp\/v2\/comments?post=17561"}],"version-history":[{"count":0,"href":"https:\/\/cocinaslupianez.com\/ca\/wp-json\/wp\/v2\/product\/17561\/revisions"}],"wp:featuredmedia":[{"embeddable":true,"href":"https:\/\/cocinaslupianez.com\/ca\/wp-json\/wp\/v2\/media\/17163"}],"wp:attachment":[{"href":"https:\/\/cocinaslupianez.com\/ca\/wp-json\/wp\/v2\/media?parent=17561"}],"wp:term":[{"taxonomy":"product_cat","embeddable":true,"href":"https:\/\/cocinaslupianez.com\/ca\/wp-json\/wp\/v2\/product_cat?post=17561"},{"taxonomy":"product_tag","embeddable":true,"href":"https:\/\/cocinaslupianez.com\/ca\/wp-json\/wp\/v2\/product_tag?post=17561"}],"curies":[{"name":"wp","href":"https:\/\/api.w.org\/{rel}","templated":true}]}}