{"id":17557,"date":"2023-07-28T11:37:18","date_gmt":"2023-07-28T09:37:18","guid":{"rendered":"https:\/\/cocinaslupianez.com\/producto\/model-lbar6\/"},"modified":"2023-07-28T11:37:18","modified_gmt":"2023-07-28T09:37:18","slug":"model-lbar6","status":"publish","type":"product","link":"https:\/\/cocinaslupianez.com\/ca\/producte\/model-lbar6\/","title":{"rendered":"Model LBAR6"},"content":{"rendered":"<p>Barbacoes s\u00e8rie SNACK Model LBAR6: A la part superior un m\u00f2dul desmuntable d&#8217;acer inoxidable refor\u00e7at amb maons refractaris \/ Graelles d&#8217;acer inoxidable regulable en dues posicions, amb canals per a recollides de greixos i evitar que caigui la m\u00ednima quantitat al carb\u00f3 \/ Superf\u00edcie de treball \u00e0mplia en tots els models d&#8217;aquesta s\u00e8rie, aprofitant m\u00e9s l&#8217;espai de treball \/ Suports de les graelles desmuntables, constru\u00efdes en acer refractari \/ Protectors laterals d&#8217;acer inoxidable amb refractari \/ Prevista de v\u00e0lvula de seguretat \/ Aixetes i v\u00e0lvules de la nostra fabricaci\u00f3, ubicades a la part inferior per evitar escalfaments i allargar-ne la durada \/ Cremadors de gran rendiment d&#8217;acer esmaltat \/ Safata recull-greixos.<\/p>\n<p><img fetchpriority=\"high\" decoding=\"async\" class=\"wp-image-15793 size-full aligncenter\" src=\"https:\/\/cocinaslupianez.com\/wp-content\/uploads\/2023\/07\/Modelo-LBAR6-especificaciones-e1703163223223.jpg\" alt=\"\" width=\"1322\" height=\"212\" srcset=\"https:\/\/cocinaslupianez.com\/wp-content\/uploads\/2023\/07\/Modelo-LBAR6-especificaciones-e1703163223223.jpg 1322w, https:\/\/cocinaslupianez.com\/wp-content\/uploads\/2023\/07\/Modelo-LBAR6-especificaciones-e1703163223223-400x64.jpg 400w, https:\/\/cocinaslupianez.com\/wp-content\/uploads\/2023\/07\/Modelo-LBAR6-especificaciones-e1703163223223-1300x208.jpg 1300w, https:\/\/cocinaslupianez.com\/wp-content\/uploads\/2023\/07\/Modelo-LBAR6-especificaciones-e1703163223223-768x123.jpg 768w, https:\/\/cocinaslupianez.com\/wp-content\/uploads\/2023\/07\/Modelo-LBAR6-especificaciones-e1703163223223-860x138.jpg 860w, https:\/\/cocinaslupianez.com\/wp-content\/uploads\/2023\/07\/Modelo-LBAR6-especificaciones-e1703163223223-430x69.jpg 430w, https:\/\/cocinaslupianez.com\/wp-content\/uploads\/2023\/07\/Modelo-LBAR6-especificaciones-e1703163223223-700x112.jpg 700w, https:\/\/cocinaslupianez.com\/wp-content\/uploads\/2023\/07\/Modelo-LBAR6-especificaciones-e1703163223223-150x24.jpg 150w\" sizes=\"(max-width: 1322px) 100vw, 1322px\" \/><\/p>\n","protected":false},"excerpt":{"rendered":"<p>Barbacoes s\u00e8rie SNACK Model LBAR6: A la part superior un m\u00f2dul desmuntable d&#8217;acer inoxidable refor\u00e7at amb maons refractaris \/ Graelles d&#8217;acer inoxidable regulable en dues posicions, amb canals per a recollides de greixos i evitar que caigui la m\u00ednima quantitat al carb\u00f3 \/ Superf\u00edcie de treball \u00e0mplia en tots els models d&#8217;aquesta s\u00e8rie, aprofitant m\u00e9s l&#8217;espai de treball \/ Suports de les graelles desmuntables, constru\u00efdes en acer refractari \/ Protectors laterals d&#8217;acer inoxidable amb refractari \/ Prevista de v\u00e0lvula de seguretat \/ Aixetes i v\u00e0lvules de la nostra fabricaci\u00f3, ubicades a la part inferior per evitar escalfaments i allargar-ne la durada \/ Cremadors de gran rendiment d&#8217;acer esmaltat \/ Safata recull-greixos.<\/p>\n<p><em><strong>*Taula no inclosa en el preu. Consulta neutres.<\/strong><\/em><\/p>\n","protected":false},"featured_media":17165,"comment_status":"open","ping_status":"closed","template":"","meta":[],"product_cat":[339,337],"product_tag":[],"class_list":{"0":"post-17557","1":"product","2":"type-product","3":"status-publish","4":"has-post-thumbnail","6":"product_cat-barbacoes-serie-snack","7":"product_cat-coccio","9":"first","10":"instock","11":"shipping-taxable","12":"purchasable","13":"product-type-variable"},"yoast_head":"<!-- This site is optimized with the Yoast SEO plugin v21.7 - https:\/\/yoast.com\/wordpress\/plugins\/seo\/ -->\n<title>Model LBAR6 - Lupia\u00f1ez S.L.<\/title>\n<meta name=\"description\" content=\"Barbacoes s\u00e8rie SNACK Model LBAR6: A la part superior un m\u00f2dul desmuntable d&#039;acer inoxidable refor\u00e7at amb maons refractaris.\" \/>\n<meta name=\"robots\" content=\"index, follow, max-snippet:-1, max-image-preview:large, max-video-preview:-1\" \/>\n<link rel=\"canonical\" href=\"https:\/\/cocinaslupianez.com\/ca\/producte\/model-lbar6\/\" \/>\n<meta property=\"og:locale\" content=\"ca_ES\" \/>\n<meta property=\"og:type\" content=\"article\" \/>\n<meta property=\"og:title\" content=\"Model LBAR6 - Lupia\u00f1ez S.L.\" \/>\n<meta property=\"og:description\" content=\"Barbacoes s\u00e8rie SNACK Model LBAR6: A la part superior un m\u00f2dul desmuntable d&#039;acer inoxidable refor\u00e7at amb maons refractaris.\" \/>\n<meta property=\"og:url\" content=\"https:\/\/cocinaslupianez.com\/ca\/producte\/model-lbar6\/\" \/>\n<meta property=\"og:site_name\" content=\"Lupia\u00f1ez S.L.\" \/>\n<meta property=\"og:image\" content=\"https:\/\/cocinaslupianez.com\/wp-content\/uploads\/2023\/07\/Modelo-LBAR6.jpg\" \/>\n\t<meta property=\"og:image:width\" content=\"1000\" \/>\n\t<meta property=\"og:image:height\" content=\"1143\" \/>\n\t<meta property=\"og:image:type\" content=\"image\/jpeg\" \/>\n<meta name=\"twitter:card\" content=\"summary_large_image\" \/>\n<meta name=\"twitter:label1\" content=\"Temps estimat de lectura\" \/>\n\t<meta name=\"twitter:data1\" content=\"1 minut\" \/>\n<script type=\"application\/ld+json\" class=\"yoast-schema-graph\">{\"@context\":\"https:\/\/schema.org\",\"@graph\":[{\"@type\":\"WebPage\",\"@id\":\"https:\/\/cocinaslupianez.com\/ca\/producte\/model-lbar6\/\",\"url\":\"https:\/\/cocinaslupianez.com\/ca\/producte\/model-lbar6\/\",\"name\":\"Model LBAR6 - Lupia\u00f1ez S.L.\",\"isPartOf\":{\"@id\":\"https:\/\/cocinaslupianez.com\/ca\/#website\"},\"datePublished\":\"2023-07-28T09:37:18+00:00\",\"dateModified\":\"2023-07-28T09:37:18+00:00\",\"description\":\"Barbacoes s\u00e8rie SNACK Model LBAR6: A la part superior un m\u00f2dul desmuntable d'acer inoxidable refor\u00e7at amb maons refractaris.\",\"breadcrumb\":{\"@id\":\"https:\/\/cocinaslupianez.com\/ca\/producte\/model-lbar6\/#breadcrumb\"},\"inLanguage\":\"ca\",\"potentialAction\":[{\"@type\":\"ReadAction\",\"target\":[\"https:\/\/cocinaslupianez.com\/ca\/producte\/model-lbar6\/\"]}]},{\"@type\":\"BreadcrumbList\",\"@id\":\"https:\/\/cocinaslupianez.com\/ca\/producte\/model-lbar6\/#breadcrumb\",\"itemListElement\":[{\"@type\":\"ListItem\",\"position\":1,\"name\":\"Portada\",\"item\":\"https:\/\/cocinaslupianez.com\/ca\/\"},{\"@type\":\"ListItem\",\"position\":2,\"name\":\"Productes\",\"item\":\"https:\/\/cocinaslupianez.com\/ca\/productes\/\"},{\"@type\":\"ListItem\",\"position\":3,\"name\":\"Model LBAR6\"}]},{\"@type\":\"WebSite\",\"@id\":\"https:\/\/cocinaslupianez.com\/ca\/#website\",\"url\":\"https:\/\/cocinaslupianez.com\/ca\/\",\"name\":\"Cocinas Lupia\u00f1ez\",\"description\":\"Cocinas industriales\",\"publisher\":{\"@id\":\"https:\/\/cocinaslupianez.com\/ca\/#organization\"},\"alternateName\":\"Cocinas Lupigas\",\"potentialAction\":[{\"@type\":\"SearchAction\",\"target\":{\"@type\":\"EntryPoint\",\"urlTemplate\":\"https:\/\/cocinaslupianez.com\/ca\/?s={search_term_string}\"},\"query-input\":\"required name=search_term_string\"}],\"inLanguage\":\"ca\"},{\"@type\":\"Organization\",\"@id\":\"https:\/\/cocinaslupianez.com\/ca\/#organization\",\"name\":\"Cocinas Lupigas\",\"alternateName\":\"Cocinas Lupigas\",\"url\":\"https:\/\/cocinaslupianez.com\/ca\/\",\"logo\":{\"@type\":\"ImageObject\",\"inLanguage\":\"ca\",\"@id\":\"https:\/\/cocinaslupianez.com\/ca\/#\/schema\/logo\/image\/\",\"url\":\"https:\/\/cocinaslupianez.com\/wp-content\/uploads\/2023\/10\/cocinas-lupianez-logo-yoast.jpg\",\"contentUrl\":\"https:\/\/cocinaslupianez.com\/wp-content\/uploads\/2023\/10\/cocinas-lupianez-logo-yoast.jpg\",\"width\":1200,\"height\":675,\"caption\":\"Cocinas Lupigas\"},\"image\":{\"@id\":\"https:\/\/cocinaslupianez.com\/ca\/#\/schema\/logo\/image\/\"}}]}<\/script>\n<!-- \/ Yoast SEO plugin. -->","yoast_head_json":{"title":"Model LBAR6 - Lupia\u00f1ez S.L.","description":"Barbacoes s\u00e8rie SNACK Model LBAR6: A la part superior un m\u00f2dul desmuntable d'acer inoxidable refor\u00e7at amb maons refractaris.","robots":{"index":"index","follow":"follow","max-snippet":"max-snippet:-1","max-image-preview":"max-image-preview:large","max-video-preview":"max-video-preview:-1"},"canonical":"https:\/\/cocinaslupianez.com\/ca\/producte\/model-lbar6\/","og_locale":"ca_ES","og_type":"article","og_title":"Model LBAR6 - Lupia\u00f1ez S.L.","og_description":"Barbacoes s\u00e8rie SNACK Model LBAR6: A la part superior un m\u00f2dul desmuntable d'acer inoxidable refor\u00e7at amb maons refractaris.","og_url":"https:\/\/cocinaslupianez.com\/ca\/producte\/model-lbar6\/","og_site_name":"Lupia\u00f1ez S.L.","og_image":[{"width":1000,"height":1143,"url":"https:\/\/cocinaslupianez.com\/wp-content\/uploads\/2023\/07\/Modelo-LBAR6.jpg","type":"image\/jpeg"}],"twitter_card":"summary_large_image","twitter_misc":{"Temps estimat de lectura":"1 minut"},"schema":{"@context":"https:\/\/schema.org","@graph":[{"@type":"WebPage","@id":"https:\/\/cocinaslupianez.com\/ca\/producte\/model-lbar6\/","url":"https:\/\/cocinaslupianez.com\/ca\/producte\/model-lbar6\/","name":"Model LBAR6 - Lupia\u00f1ez S.L.","isPartOf":{"@id":"https:\/\/cocinaslupianez.com\/ca\/#website"},"datePublished":"2023-07-28T09:37:18+00:00","dateModified":"2023-07-28T09:37:18+00:00","description":"Barbacoes s\u00e8rie SNACK Model LBAR6: A la part superior un m\u00f2dul desmuntable d'acer inoxidable refor\u00e7at amb maons refractaris.","breadcrumb":{"@id":"https:\/\/cocinaslupianez.com\/ca\/producte\/model-lbar6\/#breadcrumb"},"inLanguage":"ca","potentialAction":[{"@type":"ReadAction","target":["https:\/\/cocinaslupianez.com\/ca\/producte\/model-lbar6\/"]}]},{"@type":"BreadcrumbList","@id":"https:\/\/cocinaslupianez.com\/ca\/producte\/model-lbar6\/#breadcrumb","itemListElement":[{"@type":"ListItem","position":1,"name":"Portada","item":"https:\/\/cocinaslupianez.com\/ca\/"},{"@type":"ListItem","position":2,"name":"Productes","item":"https:\/\/cocinaslupianez.com\/ca\/productes\/"},{"@type":"ListItem","position":3,"name":"Model LBAR6"}]},{"@type":"WebSite","@id":"https:\/\/cocinaslupianez.com\/ca\/#website","url":"https:\/\/cocinaslupianez.com\/ca\/","name":"Cocinas Lupia\u00f1ez","description":"Cocinas industriales","publisher":{"@id":"https:\/\/cocinaslupianez.com\/ca\/#organization"},"alternateName":"Cocinas Lupigas","potentialAction":[{"@type":"SearchAction","target":{"@type":"EntryPoint","urlTemplate":"https:\/\/cocinaslupianez.com\/ca\/?s={search_term_string}"},"query-input":"required name=search_term_string"}],"inLanguage":"ca"},{"@type":"Organization","@id":"https:\/\/cocinaslupianez.com\/ca\/#organization","name":"Cocinas Lupigas","alternateName":"Cocinas Lupigas","url":"https:\/\/cocinaslupianez.com\/ca\/","logo":{"@type":"ImageObject","inLanguage":"ca","@id":"https:\/\/cocinaslupianez.com\/ca\/#\/schema\/logo\/image\/","url":"https:\/\/cocinaslupianez.com\/wp-content\/uploads\/2023\/10\/cocinas-lupianez-logo-yoast.jpg","contentUrl":"https:\/\/cocinaslupianez.com\/wp-content\/uploads\/2023\/10\/cocinas-lupianez-logo-yoast.jpg","width":1200,"height":675,"caption":"Cocinas Lupigas"},"image":{"@id":"https:\/\/cocinaslupianez.com\/ca\/#\/schema\/logo\/image\/"}}]}},"_links":{"self":[{"href":"https:\/\/cocinaslupianez.com\/ca\/wp-json\/wp\/v2\/product\/17557","targetHints":{"allow":["GET"]}}],"collection":[{"href":"https:\/\/cocinaslupianez.com\/ca\/wp-json\/wp\/v2\/product"}],"about":[{"href":"https:\/\/cocinaslupianez.com\/ca\/wp-json\/wp\/v2\/types\/product"}],"replies":[{"embeddable":true,"href":"https:\/\/cocinaslupianez.com\/ca\/wp-json\/wp\/v2\/comments?post=17557"}],"version-history":[{"count":0,"href":"https:\/\/cocinaslupianez.com\/ca\/wp-json\/wp\/v2\/product\/17557\/revisions"}],"wp:featuredmedia":[{"embeddable":true,"href":"https:\/\/cocinaslupianez.com\/ca\/wp-json\/wp\/v2\/media\/17165"}],"wp:attachment":[{"href":"https:\/\/cocinaslupianez.com\/ca\/wp-json\/wp\/v2\/media?parent=17557"}],"wp:term":[{"taxonomy":"product_cat","embeddable":true,"href":"https:\/\/cocinaslupianez.com\/ca\/wp-json\/wp\/v2\/product_cat?post=17557"},{"taxonomy":"product_tag","embeddable":true,"href":"https:\/\/cocinaslupianez.com\/ca\/wp-json\/wp\/v2\/product_tag?post=17557"}],"curies":[{"name":"wp","href":"https:\/\/api.w.org\/{rel}","templated":true}]}}