{"id":17551,"date":"2023-07-28T12:38:04","date_gmt":"2023-07-28T10:38:04","guid":{"rendered":"https:\/\/cocinaslupianez.com\/producto\/bar-auto\/"},"modified":"2023-07-28T12:38:04","modified_gmt":"2023-07-28T10:38:04","slug":"bar-auto","status":"publish","type":"product","link":"https:\/\/cocinaslupianez.com\/ca\/producte\/bar-auto\/","title":{"rendered":"BAR-AUTO"},"content":{"rendered":"<p>Rostidor i barbacoa BAR-AUTO: Barbacoa rostidor programable \/ Comandament programador de f\u00e0cil \u00fas: arrencada i atur, selector de la graella girat\u00f2ria sense aturades i amb aturades de temps fixat al programador i temporitzador \/ Prove\u00efda de dues graelles sincronitzades, controlables en temps mitjan\u00e7ant control de temps i gir \/ Ideal per a peces senceres com pollastres, conill, garr\u00ed, etc. \/ Acabats de ma\u00f3 refractari \/ La part inferior \u00e9s un forn amb indicador de temperatura, per coure productes tipus verdures, patates, etc. \/ Rodes amb sistema de frenada, que faciliten la mobilitat de la barbacoa.<\/p>\n<p><img fetchpriority=\"high\" decoding=\"async\" class=\"wp-image-15813 size-full aligncenter\" src=\"https:\/\/cocinaslupianez.com\/wp-content\/uploads\/2023\/07\/BAR-AUTO-especificaciones-e1703163468959.jpg\" alt=\"\" width=\"1230\" height=\"92\" srcset=\"https:\/\/cocinaslupianez.com\/wp-content\/uploads\/2023\/07\/BAR-AUTO-especificaciones-e1703163468959.jpg 1230w, https:\/\/cocinaslupianez.com\/wp-content\/uploads\/2023\/07\/BAR-AUTO-especificaciones-e1703163468959-400x30.jpg 400w, https:\/\/cocinaslupianez.com\/wp-content\/uploads\/2023\/07\/BAR-AUTO-especificaciones-e1703163468959-768x57.jpg 768w, https:\/\/cocinaslupianez.com\/wp-content\/uploads\/2023\/07\/BAR-AUTO-especificaciones-e1703163468959-860x64.jpg 860w, https:\/\/cocinaslupianez.com\/wp-content\/uploads\/2023\/07\/BAR-AUTO-especificaciones-e1703163468959-430x32.jpg 430w, https:\/\/cocinaslupianez.com\/wp-content\/uploads\/2023\/07\/BAR-AUTO-especificaciones-e1703163468959-700x52.jpg 700w, https:\/\/cocinaslupianez.com\/wp-content\/uploads\/2023\/07\/BAR-AUTO-especificaciones-e1703163468959-150x11.jpg 150w\" sizes=\"(max-width: 1230px) 100vw, 1230px\" \/><\/p>\n","protected":false},"excerpt":{"rendered":"<p>Rostidor i barbacoa BAR-AUTO: Barbacoa rostidor programable \/ Comandament programador de f\u00e0cil \u00fas: arrencada i atur, selector de la graella girat\u00f2ria sense aturades i amb aturades de temps fixat al programador i temporitzador \/ Prove\u00efda de dues graelles sincronitzades, controlables en temps mitjan\u00e7ant control de temps i gir \/ Ideal per a peces senceres com pollastres, conill, garr\u00ed, etc. \/ Acabats de ma\u00f3 refractari \/ La part inferior \u00e9s un forn amb indicador de temperatura, per coure productes tipus verdures, patates, etc. \/ Rodes amb sistema de frenada, que faciliten la mobilitat de la barbacoa.<\/p>\n","protected":false},"featured_media":17173,"comment_status":"open","ping_status":"closed","template":"","meta":[],"product_cat":[335,331],"product_tag":[],"class_list":{"0":"post-17551","1":"product","2":"type-product","3":"status-publish","4":"has-post-thumbnail","6":"product_cat-barbacoa-rostidor-automatic","7":"product_cat-rostidors-i-barbacoes","9":"first","10":"instock","11":"shipping-taxable","12":"purchasable","13":"product-type-simple"},"yoast_head":"<!-- This site is optimized with the Yoast SEO plugin v21.7 - https:\/\/yoast.com\/wordpress\/plugins\/seo\/ -->\n<title>BAR-AUTO - Lupia\u00f1ez S.L.<\/title>\n<meta name=\"description\" content=\"Rostidor i barbacoa BAR-AUTO: Barbacoa rostidor programable \/ Comandament programador de f\u00e0cil \u00fas: arrencada i atur, selector de la graella girat\u00f2ria.\" \/>\n<meta name=\"robots\" content=\"index, follow, max-snippet:-1, max-image-preview:large, max-video-preview:-1\" \/>\n<link rel=\"canonical\" href=\"https:\/\/cocinaslupianez.com\/ca\/producte\/bar-auto\/\" \/>\n<meta property=\"og:locale\" content=\"ca_ES\" \/>\n<meta property=\"og:type\" content=\"article\" \/>\n<meta property=\"og:title\" content=\"BAR-AUTO - Lupia\u00f1ez S.L.\" \/>\n<meta property=\"og:description\" content=\"Rostidor i barbacoa BAR-AUTO: Barbacoa rostidor programable \/ Comandament programador de f\u00e0cil \u00fas: arrencada i atur, selector de la graella girat\u00f2ria.\" \/>\n<meta property=\"og:url\" content=\"https:\/\/cocinaslupianez.com\/ca\/producte\/bar-auto\/\" \/>\n<meta property=\"og:site_name\" content=\"Lupia\u00f1ez S.L.\" \/>\n<meta property=\"og:image\" content=\"https:\/\/cocinaslupianez.com\/wp-content\/uploads\/2023\/07\/BAR-AUTO.jpg\" \/>\n\t<meta property=\"og:image:width\" content=\"1000\" \/>\n\t<meta property=\"og:image:height\" content=\"1143\" \/>\n\t<meta property=\"og:image:type\" content=\"image\/jpeg\" \/>\n<meta name=\"twitter:card\" content=\"summary_large_image\" \/>\n<script type=\"application\/ld+json\" class=\"yoast-schema-graph\">{\"@context\":\"https:\/\/schema.org\",\"@graph\":[{\"@type\":\"WebPage\",\"@id\":\"https:\/\/cocinaslupianez.com\/ca\/producte\/bar-auto\/\",\"url\":\"https:\/\/cocinaslupianez.com\/ca\/producte\/bar-auto\/\",\"name\":\"BAR-AUTO - Lupia\u00f1ez S.L.\",\"isPartOf\":{\"@id\":\"https:\/\/cocinaslupianez.com\/ca\/#website\"},\"datePublished\":\"2023-07-28T10:38:04+00:00\",\"dateModified\":\"2023-07-28T10:38:04+00:00\",\"description\":\"Rostidor i barbacoa BAR-AUTO: Barbacoa rostidor programable \/ Comandament programador de f\u00e0cil \u00fas: arrencada i atur, selector de la graella girat\u00f2ria.\",\"breadcrumb\":{\"@id\":\"https:\/\/cocinaslupianez.com\/ca\/producte\/bar-auto\/#breadcrumb\"},\"inLanguage\":\"ca\",\"potentialAction\":[{\"@type\":\"ReadAction\",\"target\":[\"https:\/\/cocinaslupianez.com\/ca\/producte\/bar-auto\/\"]}]},{\"@type\":\"BreadcrumbList\",\"@id\":\"https:\/\/cocinaslupianez.com\/ca\/producte\/bar-auto\/#breadcrumb\",\"itemListElement\":[{\"@type\":\"ListItem\",\"position\":1,\"name\":\"Portada\",\"item\":\"https:\/\/cocinaslupianez.com\/ca\/\"},{\"@type\":\"ListItem\",\"position\":2,\"name\":\"Productes\",\"item\":\"https:\/\/cocinaslupianez.com\/ca\/productes\/\"},{\"@type\":\"ListItem\",\"position\":3,\"name\":\"BAR-AUTO\"}]},{\"@type\":\"WebSite\",\"@id\":\"https:\/\/cocinaslupianez.com\/ca\/#website\",\"url\":\"https:\/\/cocinaslupianez.com\/ca\/\",\"name\":\"Cocinas Lupia\u00f1ez\",\"description\":\"Cocinas industriales\",\"publisher\":{\"@id\":\"https:\/\/cocinaslupianez.com\/ca\/#organization\"},\"alternateName\":\"Cocinas Lupigas\",\"potentialAction\":[{\"@type\":\"SearchAction\",\"target\":{\"@type\":\"EntryPoint\",\"urlTemplate\":\"https:\/\/cocinaslupianez.com\/ca\/?s={search_term_string}\"},\"query-input\":\"required name=search_term_string\"}],\"inLanguage\":\"ca\"},{\"@type\":\"Organization\",\"@id\":\"https:\/\/cocinaslupianez.com\/ca\/#organization\",\"name\":\"Cocinas Lupigas\",\"alternateName\":\"Cocinas Lupigas\",\"url\":\"https:\/\/cocinaslupianez.com\/ca\/\",\"logo\":{\"@type\":\"ImageObject\",\"inLanguage\":\"ca\",\"@id\":\"https:\/\/cocinaslupianez.com\/ca\/#\/schema\/logo\/image\/\",\"url\":\"https:\/\/cocinaslupianez.com\/wp-content\/uploads\/2023\/10\/cocinas-lupianez-logo-yoast.jpg\",\"contentUrl\":\"https:\/\/cocinaslupianez.com\/wp-content\/uploads\/2023\/10\/cocinas-lupianez-logo-yoast.jpg\",\"width\":1200,\"height\":675,\"caption\":\"Cocinas Lupigas\"},\"image\":{\"@id\":\"https:\/\/cocinaslupianez.com\/ca\/#\/schema\/logo\/image\/\"}}]}<\/script>\n<!-- \/ Yoast SEO plugin. -->","yoast_head_json":{"title":"BAR-AUTO - Lupia\u00f1ez S.L.","description":"Rostidor i barbacoa BAR-AUTO: Barbacoa rostidor programable \/ Comandament programador de f\u00e0cil \u00fas: arrencada i atur, selector de la graella girat\u00f2ria.","robots":{"index":"index","follow":"follow","max-snippet":"max-snippet:-1","max-image-preview":"max-image-preview:large","max-video-preview":"max-video-preview:-1"},"canonical":"https:\/\/cocinaslupianez.com\/ca\/producte\/bar-auto\/","og_locale":"ca_ES","og_type":"article","og_title":"BAR-AUTO - Lupia\u00f1ez S.L.","og_description":"Rostidor i barbacoa BAR-AUTO: Barbacoa rostidor programable \/ Comandament programador de f\u00e0cil \u00fas: arrencada i atur, selector de la graella girat\u00f2ria.","og_url":"https:\/\/cocinaslupianez.com\/ca\/producte\/bar-auto\/","og_site_name":"Lupia\u00f1ez S.L.","og_image":[{"width":1000,"height":1143,"url":"https:\/\/cocinaslupianez.com\/wp-content\/uploads\/2023\/07\/BAR-AUTO.jpg","type":"image\/jpeg"}],"twitter_card":"summary_large_image","schema":{"@context":"https:\/\/schema.org","@graph":[{"@type":"WebPage","@id":"https:\/\/cocinaslupianez.com\/ca\/producte\/bar-auto\/","url":"https:\/\/cocinaslupianez.com\/ca\/producte\/bar-auto\/","name":"BAR-AUTO - Lupia\u00f1ez S.L.","isPartOf":{"@id":"https:\/\/cocinaslupianez.com\/ca\/#website"},"datePublished":"2023-07-28T10:38:04+00:00","dateModified":"2023-07-28T10:38:04+00:00","description":"Rostidor i barbacoa BAR-AUTO: Barbacoa rostidor programable \/ Comandament programador de f\u00e0cil \u00fas: arrencada i atur, selector de la graella girat\u00f2ria.","breadcrumb":{"@id":"https:\/\/cocinaslupianez.com\/ca\/producte\/bar-auto\/#breadcrumb"},"inLanguage":"ca","potentialAction":[{"@type":"ReadAction","target":["https:\/\/cocinaslupianez.com\/ca\/producte\/bar-auto\/"]}]},{"@type":"BreadcrumbList","@id":"https:\/\/cocinaslupianez.com\/ca\/producte\/bar-auto\/#breadcrumb","itemListElement":[{"@type":"ListItem","position":1,"name":"Portada","item":"https:\/\/cocinaslupianez.com\/ca\/"},{"@type":"ListItem","position":2,"name":"Productes","item":"https:\/\/cocinaslupianez.com\/ca\/productes\/"},{"@type":"ListItem","position":3,"name":"BAR-AUTO"}]},{"@type":"WebSite","@id":"https:\/\/cocinaslupianez.com\/ca\/#website","url":"https:\/\/cocinaslupianez.com\/ca\/","name":"Cocinas Lupia\u00f1ez","description":"Cocinas industriales","publisher":{"@id":"https:\/\/cocinaslupianez.com\/ca\/#organization"},"alternateName":"Cocinas Lupigas","potentialAction":[{"@type":"SearchAction","target":{"@type":"EntryPoint","urlTemplate":"https:\/\/cocinaslupianez.com\/ca\/?s={search_term_string}"},"query-input":"required name=search_term_string"}],"inLanguage":"ca"},{"@type":"Organization","@id":"https:\/\/cocinaslupianez.com\/ca\/#organization","name":"Cocinas Lupigas","alternateName":"Cocinas Lupigas","url":"https:\/\/cocinaslupianez.com\/ca\/","logo":{"@type":"ImageObject","inLanguage":"ca","@id":"https:\/\/cocinaslupianez.com\/ca\/#\/schema\/logo\/image\/","url":"https:\/\/cocinaslupianez.com\/wp-content\/uploads\/2023\/10\/cocinas-lupianez-logo-yoast.jpg","contentUrl":"https:\/\/cocinaslupianez.com\/wp-content\/uploads\/2023\/10\/cocinas-lupianez-logo-yoast.jpg","width":1200,"height":675,"caption":"Cocinas Lupigas"},"image":{"@id":"https:\/\/cocinaslupianez.com\/ca\/#\/schema\/logo\/image\/"}}]}},"_links":{"self":[{"href":"https:\/\/cocinaslupianez.com\/ca\/wp-json\/wp\/v2\/product\/17551","targetHints":{"allow":["GET"]}}],"collection":[{"href":"https:\/\/cocinaslupianez.com\/ca\/wp-json\/wp\/v2\/product"}],"about":[{"href":"https:\/\/cocinaslupianez.com\/ca\/wp-json\/wp\/v2\/types\/product"}],"replies":[{"embeddable":true,"href":"https:\/\/cocinaslupianez.com\/ca\/wp-json\/wp\/v2\/comments?post=17551"}],"version-history":[{"count":0,"href":"https:\/\/cocinaslupianez.com\/ca\/wp-json\/wp\/v2\/product\/17551\/revisions"}],"wp:featuredmedia":[{"embeddable":true,"href":"https:\/\/cocinaslupianez.com\/ca\/wp-json\/wp\/v2\/media\/17173"}],"wp:attachment":[{"href":"https:\/\/cocinaslupianez.com\/ca\/wp-json\/wp\/v2\/media?parent=17551"}],"wp:term":[{"taxonomy":"product_cat","embeddable":true,"href":"https:\/\/cocinaslupianez.com\/ca\/wp-json\/wp\/v2\/product_cat?post=17551"},{"taxonomy":"product_tag","embeddable":true,"href":"https:\/\/cocinaslupianez.com\/ca\/wp-json\/wp\/v2\/product_tag?post=17551"}],"curies":[{"name":"wp","href":"https:\/\/api.w.org\/{rel}","templated":true}]}}