{"id":17395,"date":"2023-07-31T10:28:09","date_gmt":"2023-07-31T08:28:09","guid":{"rendered":"https:\/\/cocinaslupianez.com\/producto\/aigueres-industrials\/"},"modified":"2023-12-28T15:35:57","modified_gmt":"2023-12-28T14:35:57","slug":"aigueres-industrials","status":"publish","type":"product","link":"https:\/\/cocinaslupianez.com\/ca\/producte\/aigueres-industrials\/","title":{"rendered":"Aig\u00fceres industrials"},"content":{"rendered":"<p>Taula especificacions t\u00e8cniques de les aig\u00fceres industrials (fons 600):<\/p>\n<p><img fetchpriority=\"high\" decoding=\"async\" class=\"wp-image-16017 size-full aligncenter\" src=\"https:\/\/cocinaslupianez.com\/wp-content\/uploads\/2023\/07\/Fregaderos-industriales-especificaciones-fondo-600-e1703163715761.jpg\" alt=\"\" width=\"1360\" height=\"760\" srcset=\"https:\/\/cocinaslupianez.com\/wp-content\/uploads\/2023\/07\/Fregaderos-industriales-especificaciones-fondo-600-e1703163715761.jpg 1360w, https:\/\/cocinaslupianez.com\/wp-content\/uploads\/2023\/07\/Fregaderos-industriales-especificaciones-fondo-600-e1703163715761-400x224.jpg 400w, https:\/\/cocinaslupianez.com\/wp-content\/uploads\/2023\/07\/Fregaderos-industriales-especificaciones-fondo-600-e1703163715761-1300x726.jpg 1300w, https:\/\/cocinaslupianez.com\/wp-content\/uploads\/2023\/07\/Fregaderos-industriales-especificaciones-fondo-600-e1703163715761-768x429.jpg 768w, https:\/\/cocinaslupianez.com\/wp-content\/uploads\/2023\/07\/Fregaderos-industriales-especificaciones-fondo-600-e1703163715761-860x481.jpg 860w, https:\/\/cocinaslupianez.com\/wp-content\/uploads\/2023\/07\/Fregaderos-industriales-especificaciones-fondo-600-e1703163715761-430x240.jpg 430w, https:\/\/cocinaslupianez.com\/wp-content\/uploads\/2023\/07\/Fregaderos-industriales-especificaciones-fondo-600-e1703163715761-700x391.jpg 700w, https:\/\/cocinaslupianez.com\/wp-content\/uploads\/2023\/07\/Fregaderos-industriales-especificaciones-fondo-600-e1703163715761-150x84.jpg 150w\" sizes=\"(max-width: 1360px) 100vw, 1360px\" \/><\/p>\n<p>Taula especificacions bastidors (fons 600)<br \/>\n<img decoding=\"async\" class=\"alignnone size-full wp-image-16015\" src=\"https:\/\/cocinaslupianez.com\/wp-content\/uploads\/2023\/07\/Fregaderos-industriales-especificaciones-bastidores-fondo-600.jpg\" alt=\"\" width=\"1500\" height=\"369\" srcset=\"https:\/\/cocinaslupianez.com\/wp-content\/uploads\/2023\/07\/Fregaderos-industriales-especificaciones-bastidores-fondo-600.jpg 1500w, https:\/\/cocinaslupianez.com\/wp-content\/uploads\/2023\/07\/Fregaderos-industriales-especificaciones-bastidores-fondo-600-400x98.jpg 400w, https:\/\/cocinaslupianez.com\/wp-content\/uploads\/2023\/07\/Fregaderos-industriales-especificaciones-bastidores-fondo-600-1300x320.jpg 1300w, https:\/\/cocinaslupianez.com\/wp-content\/uploads\/2023\/07\/Fregaderos-industriales-especificaciones-bastidores-fondo-600-768x189.jpg 768w, https:\/\/cocinaslupianez.com\/wp-content\/uploads\/2023\/07\/Fregaderos-industriales-especificaciones-bastidores-fondo-600-860x212.jpg 860w, https:\/\/cocinaslupianez.com\/wp-content\/uploads\/2023\/07\/Fregaderos-industriales-especificaciones-bastidores-fondo-600-430x106.jpg 430w, https:\/\/cocinaslupianez.com\/wp-content\/uploads\/2023\/07\/Fregaderos-industriales-especificaciones-bastidores-fondo-600-700x172.jpg 700w, https:\/\/cocinaslupianez.com\/wp-content\/uploads\/2023\/07\/Fregaderos-industriales-especificaciones-bastidores-fondo-600-150x37.jpg 150w\" sizes=\"(max-width: 1500px) 100vw, 1500px\" \/><\/p>\n<p>Taula especificacions t\u00e8cniques de les aig\u00fceres industrials (fons 700)<br \/>\n<img decoding=\"async\" class=\"alignnone size-full wp-image-16018\" src=\"https:\/\/cocinaslupianez.com\/wp-content\/uploads\/2023\/07\/Fregaderos-industriales-especificaciones-fondo-700.jpg\" alt=\"\" width=\"1500\" height=\"755\" srcset=\"https:\/\/cocinaslupianez.com\/wp-content\/uploads\/2023\/07\/Fregaderos-industriales-especificaciones-fondo-700.jpg 1500w, https:\/\/cocinaslupianez.com\/wp-content\/uploads\/2023\/07\/Fregaderos-industriales-especificaciones-fondo-700-400x201.jpg 400w, https:\/\/cocinaslupianez.com\/wp-content\/uploads\/2023\/07\/Fregaderos-industriales-especificaciones-fondo-700-1300x654.jpg 1300w, https:\/\/cocinaslupianez.com\/wp-content\/uploads\/2023\/07\/Fregaderos-industriales-especificaciones-fondo-700-768x387.jpg 768w, https:\/\/cocinaslupianez.com\/wp-content\/uploads\/2023\/07\/Fregaderos-industriales-especificaciones-fondo-700-860x433.jpg 860w, https:\/\/cocinaslupianez.com\/wp-content\/uploads\/2023\/07\/Fregaderos-industriales-especificaciones-fondo-700-430x216.jpg 430w, https:\/\/cocinaslupianez.com\/wp-content\/uploads\/2023\/07\/Fregaderos-industriales-especificaciones-fondo-700-700x352.jpg 700w, https:\/\/cocinaslupianez.com\/wp-content\/uploads\/2023\/07\/Fregaderos-industriales-especificaciones-fondo-700-150x76.jpg 150w\" sizes=\"(max-width: 1500px) 100vw, 1500px\" \/><\/p>\n<p>Taula especificacions bastidors (fons 700)<br \/>\n<img loading=\"lazy\" decoding=\"async\" class=\"alignnone size-full wp-image-16016\" src=\"https:\/\/cocinaslupianez.com\/wp-content\/uploads\/2023\/07\/Fregaderos-industriales-especificaciones-bastidores-fondo-700.jpg\" alt=\"\" width=\"1500\" height=\"413\" srcset=\"https:\/\/cocinaslupianez.com\/wp-content\/uploads\/2023\/07\/Fregaderos-industriales-especificaciones-bastidores-fondo-700.jpg 1500w, https:\/\/cocinaslupianez.com\/wp-content\/uploads\/2023\/07\/Fregaderos-industriales-especificaciones-bastidores-fondo-700-400x110.jpg 400w, https:\/\/cocinaslupianez.com\/wp-content\/uploads\/2023\/07\/Fregaderos-industriales-especificaciones-bastidores-fondo-700-1300x358.jpg 1300w, https:\/\/cocinaslupianez.com\/wp-content\/uploads\/2023\/07\/Fregaderos-industriales-especificaciones-bastidores-fondo-700-768x211.jpg 768w, https:\/\/cocinaslupianez.com\/wp-content\/uploads\/2023\/07\/Fregaderos-industriales-especificaciones-bastidores-fondo-700-860x237.jpg 860w, https:\/\/cocinaslupianez.com\/wp-content\/uploads\/2023\/07\/Fregaderos-industriales-especificaciones-bastidores-fondo-700-430x118.jpg 430w, https:\/\/cocinaslupianez.com\/wp-content\/uploads\/2023\/07\/Fregaderos-industriales-especificaciones-bastidores-fondo-700-700x193.jpg 700w, https:\/\/cocinaslupianez.com\/wp-content\/uploads\/2023\/07\/Fregaderos-industriales-especificaciones-bastidores-fondo-700-150x41.jpg 150w\" sizes=\"(max-width: 1500px) 100vw, 1500px\" \/><\/p>\n","protected":false},"excerpt":{"rendered":"<p><strong>AIG\u00dcERA:<\/strong><br \/>\nConstrucci\u00f3 en acer inoxidable AISI 304 18\/10 \/ Cuba embotida amb protecci\u00f3 antisonora \/ Peto de 100mm amb radi sanitari \/ V\u00e0lvula de desgu\u00e0s i tub sobreeixidor.<\/p>\n<p><strong>BASTIDOR:<\/strong><br \/>\nConstrucci\u00f3 en acer inoxidable AISI 304 18\/10\/Potes de tub de 40x40mm amb tac regulable en al\u00e7ada.<\/p>\n","protected":false},"featured_media":17187,"comment_status":"open","ping_status":"closed","template":"","meta":[],"product_cat":[350,345],"product_tag":[],"class_list":{"0":"post-17395","1":"product","2":"type-product","3":"status-publish","4":"has-post-thumbnail","6":"product_cat-aigueres-industrials","7":"product_cat-neutres","9":"first","10":"instock","11":"shipping-taxable","12":"purchasable","13":"product-type-variable"},"yoast_head":"<!-- This site is optimized with the Yoast SEO plugin v21.7 - https:\/\/yoast.com\/wordpress\/plugins\/seo\/ -->\n<title>Aig\u00fceres industrials - Lupia\u00f1ez S.L.<\/title>\n<meta name=\"description\" content=\"Aig\u00fcera i bastidor de construcci\u00f3 en acer inoxidable AISI 304 18\/10.\" \/>\n<meta name=\"robots\" content=\"index, follow, max-snippet:-1, max-image-preview:large, max-video-preview:-1\" \/>\n<link rel=\"canonical\" href=\"https:\/\/cocinaslupianez.com\/ca\/producte\/aigueres-industrials\/\" \/>\n<meta property=\"og:locale\" content=\"ca_ES\" \/>\n<meta property=\"og:type\" content=\"article\" \/>\n<meta property=\"og:title\" content=\"Aig\u00fceres industrials - Lupia\u00f1ez S.L.\" \/>\n<meta property=\"og:description\" content=\"Aig\u00fcera i bastidor de construcci\u00f3 en acer inoxidable AISI 304 18\/10.\" \/>\n<meta property=\"og:url\" content=\"https:\/\/cocinaslupianez.com\/ca\/producte\/aigueres-industrials\/\" \/>\n<meta property=\"og:site_name\" content=\"Lupia\u00f1ez S.L.\" \/>\n<meta property=\"article:modified_time\" content=\"2023-12-28T14:35:57+00:00\" \/>\n<meta property=\"og:image\" content=\"https:\/\/cocinaslupianez.com\/wp-content\/uploads\/2023\/07\/Fregaderos-industriales.jpg\" \/>\n\t<meta property=\"og:image:width\" content=\"1000\" \/>\n\t<meta property=\"og:image:height\" content=\"1143\" \/>\n\t<meta property=\"og:image:type\" content=\"image\/jpeg\" \/>\n<meta name=\"twitter:card\" content=\"summary_large_image\" \/>\n<script type=\"application\/ld+json\" class=\"yoast-schema-graph\">{\"@context\":\"https:\/\/schema.org\",\"@graph\":[{\"@type\":\"WebPage\",\"@id\":\"https:\/\/cocinaslupianez.com\/ca\/producte\/aigueres-industrials\/\",\"url\":\"https:\/\/cocinaslupianez.com\/ca\/producte\/aigueres-industrials\/\",\"name\":\"Aig\u00fceres industrials - Lupia\u00f1ez S.L.\",\"isPartOf\":{\"@id\":\"https:\/\/cocinaslupianez.com\/ca\/#website\"},\"datePublished\":\"2023-07-31T08:28:09+00:00\",\"dateModified\":\"2023-12-28T14:35:57+00:00\",\"description\":\"Aig\u00fcera i bastidor de construcci\u00f3 en acer inoxidable AISI 304 18\/10.\",\"breadcrumb\":{\"@id\":\"https:\/\/cocinaslupianez.com\/ca\/producte\/aigueres-industrials\/#breadcrumb\"},\"inLanguage\":\"ca\",\"potentialAction\":[{\"@type\":\"ReadAction\",\"target\":[\"https:\/\/cocinaslupianez.com\/ca\/producte\/aigueres-industrials\/\"]}]},{\"@type\":\"BreadcrumbList\",\"@id\":\"https:\/\/cocinaslupianez.com\/ca\/producte\/aigueres-industrials\/#breadcrumb\",\"itemListElement\":[{\"@type\":\"ListItem\",\"position\":1,\"name\":\"Portada\",\"item\":\"https:\/\/cocinaslupianez.com\/ca\/\"},{\"@type\":\"ListItem\",\"position\":2,\"name\":\"Productes\",\"item\":\"https:\/\/cocinaslupianez.com\/ca\/productes\/\"},{\"@type\":\"ListItem\",\"position\":3,\"name\":\"Aig\u00fceres industrials\"}]},{\"@type\":\"WebSite\",\"@id\":\"https:\/\/cocinaslupianez.com\/ca\/#website\",\"url\":\"https:\/\/cocinaslupianez.com\/ca\/\",\"name\":\"Cocinas Lupia\u00f1ez\",\"description\":\"Cocinas industriales\",\"publisher\":{\"@id\":\"https:\/\/cocinaslupianez.com\/ca\/#organization\"},\"alternateName\":\"Cocinas Lupigas\",\"potentialAction\":[{\"@type\":\"SearchAction\",\"target\":{\"@type\":\"EntryPoint\",\"urlTemplate\":\"https:\/\/cocinaslupianez.com\/ca\/?s={search_term_string}\"},\"query-input\":\"required name=search_term_string\"}],\"inLanguage\":\"ca\"},{\"@type\":\"Organization\",\"@id\":\"https:\/\/cocinaslupianez.com\/ca\/#organization\",\"name\":\"Cocinas Lupigas\",\"alternateName\":\"Cocinas Lupigas\",\"url\":\"https:\/\/cocinaslupianez.com\/ca\/\",\"logo\":{\"@type\":\"ImageObject\",\"inLanguage\":\"ca\",\"@id\":\"https:\/\/cocinaslupianez.com\/ca\/#\/schema\/logo\/image\/\",\"url\":\"https:\/\/cocinaslupianez.com\/wp-content\/uploads\/2023\/10\/cocinas-lupianez-logo-yoast.jpg\",\"contentUrl\":\"https:\/\/cocinaslupianez.com\/wp-content\/uploads\/2023\/10\/cocinas-lupianez-logo-yoast.jpg\",\"width\":1200,\"height\":675,\"caption\":\"Cocinas Lupigas\"},\"image\":{\"@id\":\"https:\/\/cocinaslupianez.com\/ca\/#\/schema\/logo\/image\/\"}}]}<\/script>\n<!-- \/ Yoast SEO plugin. -->","yoast_head_json":{"title":"Aig\u00fceres industrials - Lupia\u00f1ez S.L.","description":"Aig\u00fcera i bastidor de construcci\u00f3 en acer inoxidable AISI 304 18\/10.","robots":{"index":"index","follow":"follow","max-snippet":"max-snippet:-1","max-image-preview":"max-image-preview:large","max-video-preview":"max-video-preview:-1"},"canonical":"https:\/\/cocinaslupianez.com\/ca\/producte\/aigueres-industrials\/","og_locale":"ca_ES","og_type":"article","og_title":"Aig\u00fceres industrials - Lupia\u00f1ez S.L.","og_description":"Aig\u00fcera i bastidor de construcci\u00f3 en acer inoxidable AISI 304 18\/10.","og_url":"https:\/\/cocinaslupianez.com\/ca\/producte\/aigueres-industrials\/","og_site_name":"Lupia\u00f1ez S.L.","article_modified_time":"2023-12-28T14:35:57+00:00","og_image":[{"width":1000,"height":1143,"url":"https:\/\/cocinaslupianez.com\/wp-content\/uploads\/2023\/07\/Fregaderos-industriales.jpg","type":"image\/jpeg"}],"twitter_card":"summary_large_image","schema":{"@context":"https:\/\/schema.org","@graph":[{"@type":"WebPage","@id":"https:\/\/cocinaslupianez.com\/ca\/producte\/aigueres-industrials\/","url":"https:\/\/cocinaslupianez.com\/ca\/producte\/aigueres-industrials\/","name":"Aig\u00fceres industrials - Lupia\u00f1ez S.L.","isPartOf":{"@id":"https:\/\/cocinaslupianez.com\/ca\/#website"},"datePublished":"2023-07-31T08:28:09+00:00","dateModified":"2023-12-28T14:35:57+00:00","description":"Aig\u00fcera i bastidor de construcci\u00f3 en acer inoxidable AISI 304 18\/10.","breadcrumb":{"@id":"https:\/\/cocinaslupianez.com\/ca\/producte\/aigueres-industrials\/#breadcrumb"},"inLanguage":"ca","potentialAction":[{"@type":"ReadAction","target":["https:\/\/cocinaslupianez.com\/ca\/producte\/aigueres-industrials\/"]}]},{"@type":"BreadcrumbList","@id":"https:\/\/cocinaslupianez.com\/ca\/producte\/aigueres-industrials\/#breadcrumb","itemListElement":[{"@type":"ListItem","position":1,"name":"Portada","item":"https:\/\/cocinaslupianez.com\/ca\/"},{"@type":"ListItem","position":2,"name":"Productes","item":"https:\/\/cocinaslupianez.com\/ca\/productes\/"},{"@type":"ListItem","position":3,"name":"Aig\u00fceres industrials"}]},{"@type":"WebSite","@id":"https:\/\/cocinaslupianez.com\/ca\/#website","url":"https:\/\/cocinaslupianez.com\/ca\/","name":"Cocinas Lupia\u00f1ez","description":"Cocinas industriales","publisher":{"@id":"https:\/\/cocinaslupianez.com\/ca\/#organization"},"alternateName":"Cocinas Lupigas","potentialAction":[{"@type":"SearchAction","target":{"@type":"EntryPoint","urlTemplate":"https:\/\/cocinaslupianez.com\/ca\/?s={search_term_string}"},"query-input":"required name=search_term_string"}],"inLanguage":"ca"},{"@type":"Organization","@id":"https:\/\/cocinaslupianez.com\/ca\/#organization","name":"Cocinas Lupigas","alternateName":"Cocinas Lupigas","url":"https:\/\/cocinaslupianez.com\/ca\/","logo":{"@type":"ImageObject","inLanguage":"ca","@id":"https:\/\/cocinaslupianez.com\/ca\/#\/schema\/logo\/image\/","url":"https:\/\/cocinaslupianez.com\/wp-content\/uploads\/2023\/10\/cocinas-lupianez-logo-yoast.jpg","contentUrl":"https:\/\/cocinaslupianez.com\/wp-content\/uploads\/2023\/10\/cocinas-lupianez-logo-yoast.jpg","width":1200,"height":675,"caption":"Cocinas Lupigas"},"image":{"@id":"https:\/\/cocinaslupianez.com\/ca\/#\/schema\/logo\/image\/"}}]}},"_links":{"self":[{"href":"https:\/\/cocinaslupianez.com\/ca\/wp-json\/wp\/v2\/product\/17395","targetHints":{"allow":["GET"]}}],"collection":[{"href":"https:\/\/cocinaslupianez.com\/ca\/wp-json\/wp\/v2\/product"}],"about":[{"href":"https:\/\/cocinaslupianez.com\/ca\/wp-json\/wp\/v2\/types\/product"}],"replies":[{"embeddable":true,"href":"https:\/\/cocinaslupianez.com\/ca\/wp-json\/wp\/v2\/comments?post=17395"}],"version-history":[{"count":1,"href":"https:\/\/cocinaslupianez.com\/ca\/wp-json\/wp\/v2\/product\/17395\/revisions"}],"predecessor-version":[{"id":17419,"href":"https:\/\/cocinaslupianez.com\/ca\/wp-json\/wp\/v2\/product\/17395\/revisions\/17419"}],"wp:featuredmedia":[{"embeddable":true,"href":"https:\/\/cocinaslupianez.com\/ca\/wp-json\/wp\/v2\/media\/17187"}],"wp:attachment":[{"href":"https:\/\/cocinaslupianez.com\/ca\/wp-json\/wp\/v2\/media?parent=17395"}],"wp:term":[{"taxonomy":"product_cat","embeddable":true,"href":"https:\/\/cocinaslupianez.com\/ca\/wp-json\/wp\/v2\/product_cat?post=17395"},{"taxonomy":"product_tag","embeddable":true,"href":"https:\/\/cocinaslupianez.com\/ca\/wp-json\/wp\/v2\/product_tag?post=17395"}],"curies":[{"name":"wp","href":"https:\/\/api.w.org\/{rel}","templated":true}]}}